{"id":451,"date":"2018-03-21T17:15:04","date_gmt":"2018-03-21T20:15:04","guid":{"rendered":"http:\/\/fkadk.com\/master_homo\/?page_id=451"},"modified":"2018-03-22T13:51:14","modified_gmt":"2018-03-22T16:51:14","slug":"solucoes","status":"publish","type":"page","link":"https:\/\/masterfreight.com\/es\/solucoes\/","title":{"rendered":"Soluciones"},"content":{"rendered":"<section class=\"section has-parallax\" id=\"section_1582249831\">\n\t\t<div class=\"section-bg fill\" data-parallax-container=\".section\" data-parallax-background data-parallax=\"-7\">\n\t\t\t<img fetchpriority=\"high\" decoding=\"async\" width=\"1920\" height=\"1080\" src=\"https:\/\/masterfreight.com\/wp-content\/uploads\/2018\/03\/bg_01.jpg\" class=\"bg attachment-original size-original\" alt=\"\" \/>\t\t\t\t\t\t<div class=\"section-bg-overlay absolute fill\"><\/div>\n\t\t\t\n\n\t\t<\/div>\n\n\t\t\n\n\t\t<div class=\"section-content relative\">\n\t\t\t\n\t<div id=\"gap-137003328\" class=\"gap-element clearfix\" style=\"display:block; height:auto;\">\n\t\t\n<style>\n#gap-137003328 {\n  padding-top: 150px;\n}\n<\/style>\n\t<\/div>\n\t\n<div class=\"row row-small align-equal align-center\"  id=\"row-1601868897\">\n\n\t<div id=\"col-1739437172\" class=\"col small-12 large-12\"  >\n\t\t\t\t<div class=\"col-inner text-center dark\"  >\n\t\t\t\n\t\t\t\n<h2 class=\"uppercase\" style=\"text-align: center;\"><span style=\"font-size: 120%;\"><strong>soluciones<\/strong><\/span><\/h2>\n<div class=\"is-divider divider clearfix\" style=\"max-width:80px;height:2px;background-color:rgb(218, 179, 13);\"><\/div>\n\t\t<\/div>\n\t\t\t\t\t<\/div>\n\n\t\n<\/div>\n\t\t<\/div>\n\n\t\t\n<style>\n#section_1582249831 {\n  padding-top: 0px;\n  padding-bottom: 0px;\n  min-height: 350px;\n}\n#section_1582249831 .section-bg-overlay {\n  background-color: rgba(40, 33, 33, 0.46);\n}\n#section_1582249831 .section-bg img {\n  object-position: 33% 78%;\n}\n<\/style>\n\t<\/section>\n\t\n\n\t<section class=\"section\" id=\"section_152062017\">\n\t\t<div class=\"section-bg fill\" >\n\t\t\t\t\t\t\t\t\t\n\t\t\t\n\n\t\t<\/div>\n\n\t\t\n\n\t\t<div class=\"section-content relative\">\n\t\t\t\n\t<div id=\"gap-1906059865\" class=\"gap-element clearfix\" style=\"display:block; height:auto;\">\n\t\t\n<style>\n#gap-1906059865 {\n  padding-top: 30px;\n}\n<\/style>\n\t<\/div>\n\t\n<div class=\"row row-small align-equal\"  id=\"row-2140043554\">\n\n\t<div id=\"col-886274340\" class=\"col medium-6 small-12 large-6\"  data-animate=\"fadeInDown\">\n\t\t\t\t<div class=\"col-inner\"  >\n\t\t\t\n\t\t\t\n\n\t\t<div class=\"icon-box featured-box icon-box-left text-left\"  >\n\t\t\t\t\t<div class=\"icon-box-img\" style=\"width: 98px\">\n\t\t\t\t<div class=\"icon\">\n\t\t\t\t\t<div class=\"icon-inner\" >\n\t\t\t\t\t\t<img decoding=\"async\" width=\"114\" height=\"107\" src=\"https:\/\/masterfreight.com\/wp-content\/uploads\/2018\/03\/icons_0006_Group-1.png\" class=\"attachment-medium size-medium\" alt=\"\" \/>\t\t\t\t\t<\/div>\n\t\t\t\t<\/div>\n\t\t\t<\/div>\n\t\t\t\t<div class=\"icon-box-text last-reset\">\n\t\t\t\t\t\t\t\t\t\n<h3>TRANSPORTE A\u00c9REO INTERNO<\/h3>\n<p>Fiabilidad y tarifas competitivas<\/p>\n<ul>\n<li>Consolidaci\u00f3n de la carga en los principales puntos del mundo<\/li>\n<li>Procesos sofisticados y supervisi\u00f3n de los env\u00edos a\u00e9reos<\/li>\n<li>Alianzas con TODAS las compa\u00f1\u00edas a\u00e9reas de Brasil<\/li>\n<\/ul>\n\t\t<\/div>\n\t<\/div>\n\t\n\t\n\t\t<\/div>\n\t\t\t\t\t<\/div>\n\n\t\n\n\t<div id=\"col-998965529\" class=\"col medium-6 small-12 large-6\"  data-animate=\"fadeInDown\">\n\t\t\t\t<div class=\"col-inner\"  >\n\t\t\t\n\t\t\t\n\n\t\t<div class=\"icon-box featured-box icon-box-left text-left\"  >\n\t\t\t\t\t<div class=\"icon-box-img\" style=\"width: 98px\">\n\t\t\t\t<div class=\"icon\">\n\t\t\t\t\t<div class=\"icon-inner\" >\n\t\t\t\t\t\t<img decoding=\"async\" width=\"151\" height=\"72\" src=\"https:\/\/masterfreight.com\/wp-content\/uploads\/2018\/03\/icons_0005_Layer-4.png\" class=\"attachment-medium size-medium\" alt=\"\" \/>\t\t\t\t\t<\/div>\n\t\t\t\t<\/div>\n\t\t\t<\/div>\n\t\t\t\t<div class=\"icon-box-text last-reset\">\n\t\t\t\t\t\t\t\t\t\n<h3>TRANSPORTE MAR\u00cdTIMO INTERIOR<\/h3>\n<p>Seguridad y puntualidad<\/p>\n<ul>\n<li>Seguimiento de la carga desde el origen hasta el destino final<\/li>\n<li>Control de la carga en puertos, almacenes y servicios de distribuci\u00f3n<\/li>\n<li>NVOCC incluyendo carga consolidada en contenedores, FCL o LCL<\/li>\n<li>Supervisi\u00f3n completa de la manipulaci\u00f3n y el movimiento de la carga<\/li>\n<\/ul>\n\t\t<\/div>\n\t<\/div>\n\t\n\t\n\t\t<\/div>\n\t\t\t\t\t<\/div>\n\n\t\n<\/div>\n\t<div id=\"gap-1473851688\" class=\"gap-element clearfix\" style=\"display:block; height:auto;\">\n\t\t\n<style>\n#gap-1473851688 {\n  padding-top: 30px;\n}\n<\/style>\n\t<\/div>\n\t\n<div class=\"row row-small align-equal\"  id=\"row-1318142032\">\n\n\t<div id=\"col-2133929261\" class=\"col medium-6 small-12 large-6\"  data-animate=\"fadeInDown\">\n\t\t\t\t<div class=\"col-inner\"  >\n\t\t\t\n\t\t\t\n\n\t\t<div class=\"icon-box featured-box icon-box-left text-left\"  >\n\t\t\t\t\t<div class=\"icon-box-img\" style=\"width: 98px\">\n\t\t\t\t<div class=\"icon\">\n\t\t\t\t\t<div class=\"icon-inner\" >\n\t\t\t\t\t\t<img loading=\"lazy\" decoding=\"async\" width=\"88\" height=\"109\" src=\"https:\/\/masterfreight.com\/wp-content\/uploads\/2018\/03\/icons_0004_Layer-5.png\" class=\"attachment-medium size-medium\" alt=\"\" \/>\t\t\t\t\t<\/div>\n\t\t\t\t<\/div>\n\t\t\t<\/div>\n\t\t\t\t<div class=\"icon-box-text last-reset\">\n\t\t\t\t\t\t\t\t\t\n<h3>GESTI\u00d3N LOG\u00cdSTICA COMPLETA<\/h3>\n<p><strong>(3PL - Log\u00edstica de Terceros)<\/strong><br \/>Externalizar la gesti\u00f3n completa de la cadena log\u00edstica, desde el momento en que se realiza el pedido de compra (PO) hasta que entra en el almac\u00e9n del cliente.<\/p>\n\t\t<\/div>\n\t<\/div>\n\t\n\t\n\t\t<\/div>\n\t\t\t\t\t<\/div>\n\n\t\n\n\t<div id=\"col-721345357\" class=\"col medium-6 small-12 large-6\"  data-animate=\"fadeInDown\">\n\t\t\t\t<div class=\"col-inner\"  >\n\t\t\t\n\t\t\t\n\n\t\t<div class=\"icon-box featured-box icon-box-left text-left\"  >\n\t\t\t\t\t<div class=\"icon-box-img\" style=\"width: 98px\">\n\t\t\t\t<div class=\"icon\">\n\t\t\t\t\t<div class=\"icon-inner\" >\n\t\t\t\t\t\t<img loading=\"lazy\" decoding=\"async\" width=\"133\" height=\"83\" src=\"https:\/\/masterfreight.com\/wp-content\/uploads\/2018\/03\/icons_0001_Layer-8.png\" class=\"attachment-medium size-medium\" alt=\"\" \/>\t\t\t\t\t<\/div>\n\t\t\t\t<\/div>\n\t\t\t<\/div>\n\t\t\t\t<div class=\"icon-box-text last-reset\">\n\t\t\t\t\t\t\t\t\t\n<h3>ENV\u00cdO DE MOTORES<\/h3>\n<p>Transporte de motores seg\u00fan la Gu\u00eda de Transporte de cada fabricante.<\/p>\n<ul>\n<li>Env\u00edos cr\u00edticos AOG (avi\u00f3n en tierra)<\/li>\n<li>Estudio y an\u00e1lisis de las mejores rutas<\/li>\n<\/ul>\n<p>Amplia experiencia con diferentes tipos de motores y cunas<br \/>Transporte dentro de los requisitos de la Gu\u00eda de Transporte de cada fabricante.<\/p>\n\t\t<\/div>\n\t<\/div>\n\t\n\t\n\t\t<\/div>\n\t\t\t\t\t<\/div>\n\n\t\n<\/div>\n\t<div id=\"gap-2079553013\" class=\"gap-element clearfix\" style=\"display:block; height:auto;\">\n\t\t\n<style>\n#gap-2079553013 {\n  padding-top: 30px;\n}\n<\/style>\n\t<\/div>\n\t\n<div class=\"row row-small align-equal\"  id=\"row-711422341\">\n\n\t<div id=\"col-1781453364\" class=\"col medium-6 small-12 large-6\"  data-animate=\"fadeInDown\">\n\t\t\t\t<div class=\"col-inner\"  >\n\t\t\t\n\t\t\t\n\n\t\t<div class=\"icon-box featured-box icon-box-left text-left\"  >\n\t\t\t\t\t<div class=\"icon-box-img\" style=\"width: 98px\">\n\t\t\t\t<div class=\"icon\">\n\t\t\t\t\t<div class=\"icon-inner\" >\n\t\t\t\t\t\t<img loading=\"lazy\" decoding=\"async\" width=\"144\" height=\"82\" src=\"https:\/\/masterfreight.com\/wp-content\/uploads\/2018\/03\/icons_0002_Layer-7.png\" class=\"attachment-medium size-medium\" alt=\"\" \/>\t\t\t\t\t<\/div>\n\t\t\t\t<\/div>\n\t\t\t<\/div>\n\t\t\t\t<div class=\"icon-box-text last-reset\">\n\t\t\t\t\t\t\t\t\t\n<h3>PRODUCTOS Y SERVICIOS: TRANSPORTE DE MERCANC\u00cdAS<\/h3>\n<p>- Carga a\u00e9rea (regular, consolidada, AOG, COMAT, ch\u00e1rter)<br \/>- Transporte mar\u00edtimo<br \/>- Cami\u00f3n con suspensi\u00f3n neum\u00e1tica<br \/>- Certificado Hazmat - DGR<br \/>- Hand Carry - Servicio de entrega personalizado<br \/>- 24 X 7, trazabilidad y seguimiento (gesti\u00f3n de KPI - TAT)<\/p>\n\t\t<\/div>\n\t<\/div>\n\t\n\t\n\t\t<\/div>\n\t\t\t\t\t<\/div>\n\n\t\n\n\t<div id=\"col-1535198125\" class=\"col medium-6 small-12 large-6\"  data-animate=\"fadeInDown\">\n\t\t\t\t<div class=\"col-inner\"  >\n\t\t\t\n\t\t\t\n\n\t\t<div class=\"icon-box featured-box icon-box-left text-left\"  >\n\t\t\t\t\t<div class=\"icon-box-img\" style=\"width: 98px\">\n\t\t\t\t<div class=\"icon\">\n\t\t\t\t\t<div class=\"icon-inner\" >\n\t\t\t\t\t\t<img loading=\"lazy\" decoding=\"async\" width=\"120\" height=\"94\" src=\"https:\/\/masterfreight.com\/wp-content\/uploads\/2018\/03\/icons_0003_Layer-6.png\" class=\"attachment-medium size-medium\" alt=\"\" \/>\t\t\t\t\t<\/div>\n\t\t\t\t<\/div>\n\t\t\t<\/div>\n\t\t\t\t<div class=\"icon-box-text last-reset\">\n\t\t\t\t\t\t\t\t\t\n<h3>GESTI\u00d3N LOG\u00cdSTICA<\/h3>\n<p>- Gesti\u00f3n de existencias<br \/>- Seguimiento de pedidos<br \/>- L\u00f3gica inversa<br \/>- Montaje de componentes<br \/>- Almacenamiento, clasificaci\u00f3n y envasado<br \/>- Optimizaci\u00f3n de costes y plan de mejora continua<br \/>- Desmontaje, montaje, embalaje y paletizaci\u00f3n<br \/>- Gesti\u00f3n de ventas<\/p>\n\t\t<\/div>\n\t<\/div>\n\t\n\t\n\t\t<\/div>\n\t\t\t\t\t<\/div>\n\n\t\n<\/div>\n\t<div id=\"gap-451115423\" class=\"gap-element clearfix\" style=\"display:block; height:auto;\">\n\t\t\n<style>\n#gap-451115423 {\n  padding-top: 30px;\n}\n<\/style>\n\t<\/div>\n\t\n<div class=\"row row-small align-equal\"  id=\"row-1780738545\">\n\n\t<div id=\"col-598581956\" class=\"col medium-6 small-12 large-6\"  data-animate=\"fadeInDown\">\n\t\t\t\t<div class=\"col-inner\"  >\n\t\t\t\n\t\t\t\n\n\t\t<div class=\"icon-box featured-box icon-box-left text-left\"  >\n\t\t\t\t\t<div class=\"icon-box-img\" style=\"width: 98px\">\n\t\t\t\t<div class=\"icon\">\n\t\t\t\t\t<div class=\"icon-inner\" >\n\t\t\t\t\t\t<img loading=\"lazy\" decoding=\"async\" width=\"141\" height=\"91\" src=\"https:\/\/masterfreight.com\/wp-content\/uploads\/2018\/03\/icons_0000_Layer-9.png\" class=\"attachment-medium size-medium\" alt=\"\" \/>\t\t\t\t\t<\/div>\n\t\t\t\t<\/div>\n\t\t\t<\/div>\n\t\t\t\t<div class=\"icon-box-text last-reset\">\n\t\t\t\t\t\t\t\t\t\n<h3>PERSONALIZACIONES<\/h3>\n<p>- Dep\u00f3sito aduanero - Zona secundaria<br \/>- Despacho de aduanas (origen \/ destino)<br \/>- Clasificaci\u00f3n de las piezas de avi\u00f3n<br \/>- Programa de cumplimiento<\/p>\n\t\t<\/div>\n\t<\/div>\n\t\n\t\n\t\t<\/div>\n\t\t\t\t\t<\/div>\n\n\t\n<\/div>\n\t\t<\/div>\n\n\t\t\n<style>\n#section_152062017 {\n  padding-top: 30px;\n  padding-bottom: 30px;\n}\n<\/style>\n\t<\/section>","protected":false},"excerpt":{"rendered":"","protected":false},"author":1,"featured_media":0,"parent":0,"menu_order":0,"comment_status":"closed","ping_status":"closed","template":"page-transparent-header.php","meta":{"footnotes":""},"class_list":["post-451","page","type-page","status-publish","hentry"],"yoast_head":"<!-- This site is optimized with the Yoast SEO plugin v27.3 - https:\/\/yoast.com\/product\/yoast-seo-wordpress\/ -->\n<title>Solu\u00e7\u00f5es - Master Freight<\/title>\n<meta name=\"robots\" content=\"index, follow, max-snippet:-1, max-image-preview:large, max-video-preview:-1\" \/>\n<link rel=\"canonical\" href=\"https:\/\/masterfreight.com\/es\/solucoes\/\" \/>\n<meta property=\"og:locale\" content=\"es_ES\" \/>\n<meta property=\"og:type\" content=\"article\" \/>\n<meta property=\"og:title\" content=\"Solu\u00e7\u00f5es - Master Freight\" \/>\n<meta property=\"og:url\" content=\"https:\/\/masterfreight.com\/es\/solucoes\/\" \/>\n<meta property=\"og:site_name\" content=\"Master Freight\" \/>\n<meta property=\"article:publisher\" content=\"https:\/\/www.facebook.com\/Master-Freight-America-Corp-296326137055392\/\" \/>\n<meta property=\"article:modified_time\" content=\"2018-03-22T16:51:14+00:00\" \/>\n<meta name=\"twitter:card\" content=\"summary_large_image\" \/>\n<meta name=\"twitter:label1\" content=\"Tiempo de lectura\" \/>\n\t<meta name=\"twitter:data1\" content=\"2 minutos\" \/>\n<script type=\"application\/ld+json\" class=\"yoast-schema-graph\">{\"@context\":\"https:\\\/\\\/schema.org\",\"@graph\":[{\"@type\":\"WebPage\",\"@id\":\"https:\\\/\\\/masterfreight.com\\\/solucoes\\\/\",\"url\":\"https:\\\/\\\/masterfreight.com\\\/solucoes\\\/\",\"name\":\"Solu\u00e7\u00f5es - Master Freight\",\"isPartOf\":{\"@id\":\"https:\\\/\\\/masterfreight.com\\\/#website\"},\"datePublished\":\"2018-03-21T20:15:04+00:00\",\"dateModified\":\"2018-03-22T16:51:14+00:00\",\"breadcrumb\":{\"@id\":\"https:\\\/\\\/masterfreight.com\\\/solucoes\\\/#breadcrumb\"},\"inLanguage\":\"es\",\"potentialAction\":[{\"@type\":\"ReadAction\",\"target\":[\"https:\\\/\\\/masterfreight.com\\\/solucoes\\\/\"]}]},{\"@type\":\"BreadcrumbList\",\"@id\":\"https:\\\/\\\/masterfreight.com\\\/solucoes\\\/#breadcrumb\",\"itemListElement\":[{\"@type\":\"ListItem\",\"position\":1,\"name\":\"Home\",\"item\":\"https:\\\/\\\/masterfreight.com\\\/\"},{\"@type\":\"ListItem\",\"position\":2,\"name\":\"Solu\u00e7\u00f5es\"}]},{\"@type\":\"WebSite\",\"@id\":\"https:\\\/\\\/masterfreight.com\\\/#website\",\"url\":\"https:\\\/\\\/masterfreight.com\\\/\",\"name\":\"Master Freight\",\"description\":\"Excel\u00eancia em Log\u00edstica\",\"publisher\":{\"@id\":\"https:\\\/\\\/masterfreight.com\\\/#organization\"},\"potentialAction\":[{\"@type\":\"SearchAction\",\"target\":{\"@type\":\"EntryPoint\",\"urlTemplate\":\"https:\\\/\\\/masterfreight.com\\\/?s={search_term_string}\"},\"query-input\":{\"@type\":\"PropertyValueSpecification\",\"valueRequired\":true,\"valueName\":\"search_term_string\"}}],\"inLanguage\":\"es\"},{\"@type\":\"Organization\",\"@id\":\"https:\\\/\\\/masterfreight.com\\\/#organization\",\"name\":\"Master Freight\",\"url\":\"https:\\\/\\\/masterfreight.com\\\/\",\"logo\":{\"@type\":\"ImageObject\",\"inLanguage\":\"es\",\"@id\":\"https:\\\/\\\/masterfreight.com\\\/#\\\/schema\\\/logo\\\/image\\\/\",\"url\":\"https:\\\/\\\/masterfreight.com\\\/wp-content\\\/uploads\\\/2020\\\/05\\\/favicon-1.png\",\"contentUrl\":\"https:\\\/\\\/masterfreight.com\\\/wp-content\\\/uploads\\\/2020\\\/05\\\/favicon-1.png\",\"width\":254,\"height\":210,\"caption\":\"Master Freight\"},\"image\":{\"@id\":\"https:\\\/\\\/masterfreight.com\\\/#\\\/schema\\\/logo\\\/image\\\/\"},\"sameAs\":[\"https:\\\/\\\/www.facebook.com\\\/Master-Freight-America-Corp-296326137055392\\\/\",\"https:\\\/\\\/www.linkedin.com\\\/company\\\/masterfreight-logistics\\\/?viewAsMember=true\"]}]}<\/script>\n<!-- \/ Yoast SEO plugin. -->","yoast_head_json":{"title":"Soluciones - Master Freight","robots":{"index":"index","follow":"follow","max-snippet":"max-snippet:-1","max-image-preview":"max-image-preview:large","max-video-preview":"max-video-preview:-1"},"canonical":"https:\/\/masterfreight.com\/es\/solucoes\/","og_locale":"es_ES","og_type":"article","og_title":"Solu\u00e7\u00f5es - Master Freight","og_url":"https:\/\/masterfreight.com\/es\/solucoes\/","og_site_name":"Master Freight","article_publisher":"https:\/\/www.facebook.com\/Master-Freight-America-Corp-296326137055392\/","article_modified_time":"2018-03-22T16:51:14+00:00","twitter_card":"summary_large_image","twitter_misc":{"Tiempo de lectura":"2 minutos"},"schema":{"@context":"https:\/\/schema.org","@graph":[{"@type":"WebPage","@id":"https:\/\/masterfreight.com\/solucoes\/","url":"https:\/\/masterfreight.com\/solucoes\/","name":"Soluciones - Master Freight","isPartOf":{"@id":"https:\/\/masterfreight.com\/#website"},"datePublished":"2018-03-21T20:15:04+00:00","dateModified":"2018-03-22T16:51:14+00:00","breadcrumb":{"@id":"https:\/\/masterfreight.com\/solucoes\/#breadcrumb"},"inLanguage":"es","potentialAction":[{"@type":"ReadAction","target":["https:\/\/masterfreight.com\/solucoes\/"]}]},{"@type":"BreadcrumbList","@id":"https:\/\/masterfreight.com\/solucoes\/#breadcrumb","itemListElement":[{"@type":"ListItem","position":1,"name":"Home","item":"https:\/\/masterfreight.com\/"},{"@type":"ListItem","position":2,"name":"Solu\u00e7\u00f5es"}]},{"@type":"WebSite","@id":"https:\/\/masterfreight.com\/#website","url":"https:\/\/masterfreight.com\/","name":"Master Freight","description":"Excelencia en log\u00edstica","publisher":{"@id":"https:\/\/masterfreight.com\/#organization"},"potentialAction":[{"@type":"SearchAction","target":{"@type":"EntryPoint","urlTemplate":"https:\/\/masterfreight.com\/?s={search_term_string}"},"query-input":{"@type":"PropertyValueSpecification","valueRequired":true,"valueName":"search_term_string"}}],"inLanguage":"es"},{"@type":"Organization","@id":"https:\/\/masterfreight.com\/#organization","name":"Master Freight","url":"https:\/\/masterfreight.com\/","logo":{"@type":"ImageObject","inLanguage":"es","@id":"https:\/\/masterfreight.com\/#\/schema\/logo\/image\/","url":"https:\/\/masterfreight.com\/wp-content\/uploads\/2020\/05\/favicon-1.png","contentUrl":"https:\/\/masterfreight.com\/wp-content\/uploads\/2020\/05\/favicon-1.png","width":254,"height":210,"caption":"Master Freight"},"image":{"@id":"https:\/\/masterfreight.com\/#\/schema\/logo\/image\/"},"sameAs":["https:\/\/www.facebook.com\/Master-Freight-America-Corp-296326137055392\/","https:\/\/www.linkedin.com\/company\/masterfreight-logistics\/?viewAsMember=true"]}]}},"_links":{"self":[{"href":"https:\/\/masterfreight.com\/es\/wp-json\/wp\/v2\/pages\/451","targetHints":{"allow":["GET"]}}],"collection":[{"href":"https:\/\/masterfreight.com\/es\/wp-json\/wp\/v2\/pages"}],"about":[{"href":"https:\/\/masterfreight.com\/es\/wp-json\/wp\/v2\/types\/page"}],"author":[{"embeddable":true,"href":"https:\/\/masterfreight.com\/es\/wp-json\/wp\/v2\/users\/1"}],"replies":[{"embeddable":true,"href":"https:\/\/masterfreight.com\/es\/wp-json\/wp\/v2\/comments?post=451"}],"version-history":[{"count":5,"href":"https:\/\/masterfreight.com\/es\/wp-json\/wp\/v2\/pages\/451\/revisions"}],"predecessor-version":[{"id":748,"href":"https:\/\/masterfreight.com\/es\/wp-json\/wp\/v2\/pages\/451\/revisions\/748"}],"wp:attachment":[{"href":"https:\/\/masterfreight.com\/es\/wp-json\/wp\/v2\/media?parent=451"}],"curies":[{"name":"wp","href":"https:\/\/api.w.org\/{rel}","templated":true}]}}