{"id":1087,"date":"2025-08-10T09:10:14","date_gmt":"2025-08-10T12:10:14","guid":{"rendered":"https:\/\/masterfreight.com\/?page_id=1087"},"modified":"2025-08-11T18:37:28","modified_gmt":"2025-08-11T21:37:28","slug":"courier","status":"publish","type":"page","link":"https:\/\/masterfreight.com\/es\/courier\/","title":{"rendered":"Correo"},"content":{"rendered":"<div data-elementor-type=\"wp-page\" data-elementor-id=\"1087\" class=\"elementor elementor-1087\" data-elementor-post-type=\"page\">\n\t\t\t\t<div class=\"elementor-element elementor-element-3fd29dd0 e-flex e-con-boxed e-con e-parent\" data-id=\"3fd29dd0\" data-element_type=\"container\" data-e-type=\"container\">\n\t\t\t\t\t<div class=\"e-con-inner\">\n\t\t\t\t<div class=\"elementor-element elementor-element-59cac11c elementor-widget elementor-widget-text-editor\" data-id=\"59cac11c\" data-element_type=\"widget\" data-e-type=\"widget\" data-widget_type=\"text-editor.default\">\n\t\t\t\t\t\t\t\t\t<h2 style=\"text-align: center;\">Informaci\u00f3n sobre env\u00edos urgentes internacionales<\/h2>\t\t\t\t\t\t\t\t<\/div>\n\t\t\t\t\t<\/div>\n\t\t\t\t<\/div>\n\t\t<div class=\"elementor-element elementor-element-e8972d5 e-flex e-con-boxed e-con e-parent\" data-id=\"e8972d5\" data-element_type=\"container\" data-e-type=\"container\">\n\t\t\t\t\t<div class=\"e-con-inner\">\n\t\t\t\t<div class=\"elementor-element elementor-element-fb740f2 elementor-widget elementor-widget-text-editor\" data-id=\"fb740f2\" data-element_type=\"widget\" data-e-type=\"widget\" data-widget_type=\"text-editor.default\">\n\t\t\t\t\t\t\t\t\t<h3>DIRECTRICES GENERALES PARA ENV\u00cdOS INTERNACIONALES<\/h3><p>En cumplimiento de la legislaci\u00f3n vigente en materia de transporte urgente, le recomendamos que lea las especificaciones que figuran a continuaci\u00f3n para el env\u00edo y la recepci\u00f3n de env\u00edos urgentes:<br \/>Master Freight Transportes Intl Ltda, con sede en Brasil, que presta servicios de transporte internacional puerta a puerta por v\u00eda a\u00e9rea para env\u00edos expresos, en los Aeropuertos Internacionales de Guarulhos, en flujo regular y continuo, para importaci\u00f3n o exportaci\u00f3n, por medio de veh\u00edculo propio o contratado o por courier internacional, autorizado por la Receita Federal de Brasil (RFB), NO ACEPTA el transporte de armas, accesorios, municiones, estupefacientes, drogas u otras mercanc\u00edas cuya importaci\u00f3n o exportaci\u00f3n est\u00e9 suspendida o prohibida, o que violen los derechos de propiedad intelectual.<br \/>Para m\u00e1s informaci\u00f3n, consulte el siguiente enlace: https:\/\/normasinternet2.receita.fazenda.gov.br\/#\/consulta\/externa\/86226\/visao\/multivigente<\/p><p><h3>L\u00cdMITES DEL VALOR DE LAS MERCANC\u00cdAS<\/h3><\/p><p>Todos los env\u00edos urgentes est\u00e1n sujetos al R\u00e9gimen de Tributaci\u00f3n Simplificada:<br \/>El valor de los bienes no puede superar el l\u00edmite de US$ 3.000,00 (tres mil d\u00f3lares estadounidenses), o su equivalente en otra divisa*.<br \/>Impuesto de importaci\u00f3n de 60% recaudado sobre el valor de la mercanc\u00eda m\u00e1s el flete.<br \/>ICMS de 18% calculado sobre el valor de la mercanc\u00eda m\u00e1s el impuesto devengado de 60%<br \/>Las personas f\u00edsicas no pueden traer en cantidades y frecuencias que caracterizan un destino comercial, de acuerdo con el valor de US$ 3,000.00, de los Estados Unidos o equivalente en otras monedas.<br \/>Las Personas Jur\u00eddicas pueden traer cantidades y frecuencias que caracterizan el uso comercial, sujetas a un valor de US$ 3,000.00 por Casa, y pueden importar hasta US$ 100,000.00 de los Estados Unidos o el equivalente en otras monedas POR A\u00d1O.<br \/>*Se permite la importaci\u00f3n de mercanc\u00edas o paquetes para particulares, de acuerdo con las normas contenidas en la IN 1737\/2017.<br \/>**No est\u00e1 permitida la importaci\u00f3n de mercanc\u00edas o paquetes en cantidades y con la frecuencia que caracterizan el comercio entre particulares.<\/p><p><h3>OBLIGACIONES DEL CLIENTE<\/h3><\/p><p>Los remitentes y destinatarios en el pa\u00eds est\u00e1n obligados a mantener en buen orden y custodia los documentos relativos a la importaci\u00f3n y exportaci\u00f3n de partidas, en los t\u00e9rminos establecidos por el art\u00edculo 70 de la Ley n\u00ba 10833, de 29 de diciembre de 2003.<\/p><p><h3>L\u00cdMITES DE TAMA\u00d1O, EMBALAJE Y PESO<\/h3><\/p><p>Master Freight Transportes Intl Ltda adopta la norma impuesta por la RFB en la que los paquetes no pueden exceder las medidas m\u00e1ximas de 70cm de ancho y 90cm de alto y pueden pesar hasta 150kg.<br \/>Master Freight Transportes Intl Ltda verifica que los embarques cumplan con la norma antes de ser despachados, a trav\u00e9s de sus asociados.<br \/>Realizamos inspecciones previas en el momento de la recogida para evitar cualquier incumplimiento de la legislaci\u00f3n vigente.<br \/>Utilizamos los equipos de detecci\u00f3n no invasiva de las terminales de los aeropuertos en los que operamos para controlar los env\u00edos expr\u00e9s.<\/p><p><h3>ART\u00cdCULOS RESTRINGIDOS<\/h3><\/p><p>El despacho de aduanas tramitado a trav\u00e9s de Siscomex Remessa est\u00e1 prohibido para las siguientes mercanc\u00edas contenidas en un env\u00edo internacional:<br \/>I - Mercanc\u00edas sujetas a licencia de importaci\u00f3n en Siscomex Importaci\u00f3n por el Comando del Ej\u00e9rcito o el Departamento de Polic\u00eda Federal;<br \/>II - Mercanc\u00edas a las que se proh\u00edbe la aplicaci\u00f3n del RTS, en los t\u00e9rminos del art. 23, excepto muestras sin valor comercial de mercanc\u00edas clasificadas en el c\u00f3digo 2402.20.00 y partida NCM 2401, destinadas a an\u00e1lisis t\u00e9cnicos, en importaciones promovidas por establecimientos industriales que mantengan registro especial en la RFB, en los t\u00e9rminos del art. 330 del Decreto n\u00ba 7.212, de 15 de junio de 2010;<br \/>III - fauna salvaje;<br \/>IV - Plantas silvestres;<br \/>V - Diamantes de la partida NCM 7102;<br \/>VI - Moneda de curso legal; y<br \/>VII - bienes usados o reacondicionados.<br \/>P\u00e1rrafo \u00fanico. No se aplica la prohibici\u00f3n del punto VII del caput:<br \/>a) bienes incluidos en el \u00a7 5 del art. 37;<br \/>b) mercanc\u00edas exportadas temporalmente por particulares que regresan al pa\u00eds;<br \/>c) soportes f\u00edsicos que comprenden circuitos integrados, semiconductores y dispositivos similares, grabados con contenido equivalente al documento;<br \/>d) libros, otros impresos, fotograf\u00edas y documentos;<br \/>e) objetos art\u00edsticos y antig\u00fcedades; y<br \/>f) bienes para uso o consumo personal importados por un particular.<br \/>Art. 40: A los efectos de esta Instrucci\u00f3n Normativa, la caracterizaci\u00f3n de las mercanc\u00edas de uso o consumo personal deber\u00e1 realizarse de acuerdo con la definici\u00f3n contenida en la normativa espec\u00edfica de equipajes.<\/p><p><h3>CONFERENCIA ADUANERA<\/h3><\/p><p>Art. 45: La selecci\u00f3n del env\u00edo para el control aduanero en Siscomex Remessa ser\u00e1 realizada por la RFB y tendr\u00e1 en cuenta las necesidades de control de su competencia, bas\u00e1ndose en la informaci\u00f3n facilitada en el sistema y en sus propios criterios de evaluaci\u00f3n de riesgos.<br \/>\u00a7 P\u00e1rrafo 1\u00ba Las empresas de mensajer\u00eda y ECT deben suministrar a los destinatarios en Brasil informaciones sobre la ocurrencia de selecci\u00f3n para inspecci\u00f3n, identificando el \u00f3rgano o entidad de la Administraci\u00f3n P\u00fablica Federal responsable por la inspecci\u00f3n, y sus fechas de inicio y fin, consultando su sistema de rastreo o, cuando \u00e9ste no est\u00e9 disponible, su Centro de Atenci\u00f3n al Cliente (SAC).<br \/>\u00a7 Apartado 2 La selecci\u00f3n para el control aduanero podr\u00e1 realizarse autom\u00e1ticamente a partir de la informaci\u00f3n registrada previamente en el sistema.<br \/>\u00a7 P\u00e1rrafo 3 Coana establecer\u00e1 los criterios para la selecci\u00f3n a que se refiere el caput, que se llevar\u00e1 a cabo por el cuerpo de inspectores de la RFB.<br \/>Art. 46: Los env\u00edos no seleccionados para la inspecci\u00f3n mencionada en el \u00a71 del art. 45 o para el control aduanero ser\u00e1n liberados autom\u00e1ticamente por Siscomex Remessa.<br \/>P\u00e1rrafo \u00fanico. El levante de un env\u00edo no seleccionado para control aduanero no impide que la autoridad aduanera ordene su retenci\u00f3n para control si tiene conocimiento de un hecho o indicio de irregularidad cuya comprobaci\u00f3n exija el control de su contenido.<br \/>Art. 47: El env\u00edo seleccionado para el control aduanero por el ORP ser\u00e1 sometido a un examen documental y tambi\u00e9n podr\u00e1 ser objeto de un control f\u00edsico invasivo o no invasivo.<br \/>Art. 48: El examen documental consiste en analizar los documentos disponibles para la entrega, cotejando su informaci\u00f3n con la registrada en el DIR respectivo.<br \/>P\u00e1rrafo \u00fanico. La actividad descrita en el caput incluye el an\u00e1lisis del valor en aduana a que se refiere el art. 25.<br \/>Art. 49: La verificaci\u00f3n f\u00edsica ser\u00e1 realizada por un Auditor Fiscal de la Receita Federal Brasile\u00f1a o, bajo su supervisi\u00f3n, por un Analista Fiscal de la Receita Federal Brasile\u00f1a, en presencia de un representante de la ECT o de la empresa de mensajer\u00eda, en los t\u00e9rminos de la legislaci\u00f3n vigente.<br \/>\u00a7 P\u00e1rrafo 1 El env\u00edo abierto para comprobar el contenido debe ser reconstituido en su embalaje original, siempre que sea posible, y sellado con cinta adhesiva indicando que ha sido abierto por el ORP.<br \/>\u00a7 P\u00e1rrafo 2\u00ba En caso de inspecci\u00f3n por otros \u00f3rganos o entidades de la Administraci\u00f3n P\u00fablica Federal, los vol\u00famenes abiertos para ese fin deber\u00e1n ser sellados con cinta indicadora de que fueron abiertos por el \u00f3rgano o entidad correspondiente.<\/p><p><h3>REQUISITOS FISCALES<\/h3><\/p><p>Art. 50: Si, durante el control aduanero de la remesa, se verifican incidencias que impidan la procedencia del despacho aduanero, \u00e9ste ser\u00e1 autom\u00e1ticamente interrumpido en Siscomex Remessa, previo registro del requerimiento correspondiente en el DIR respectivo.<br \/>\u00a7 P\u00e1rrafo 1 La empresa de mensajer\u00eda o ECT deber\u00e1 comunicar el requerimiento al destinatario, por v\u00eda electr\u00f3nica o por cualquier otro medio eficaz.<br \/>\u00a7 P\u00e1rrafo 2 Los requisitos deben cumplirse en el plazo de 30 (treinta) d\u00edas a partir de la fecha en que se registren en Siscomex Remessa.<br \/>\u00a7 P\u00e1rrafo 3 Los documentos y manifestaciones del destinatario, relacionados con el requerimiento, deben ser entregados a la empresa de mensajer\u00eda o ECT, en la forma prevista por el servicio de atenci\u00f3n al cliente de las empresas, para su presentaci\u00f3n a la inspecci\u00f3n.<br \/>Art. 51 - Si el requerimiento al que se refiere el art. 50 tiene su origen en un desacuerdo con el importe del cr\u00e9dito fiscal informado en el DIR, el destinatario del env\u00edo internacional podr\u00e1 presentar una Solicitud de Revisi\u00f3n de Declaraci\u00f3n utilizando el formulario facilitado por ECT o la empresa de mensajer\u00eda.<br \/>\u00a7 P\u00e1rrafo 1\u00ba Se entiende por valor del cr\u00e9dito fiscal informado en el DIR el calculado por Siscomex Remessa en los t\u00e9rminos del p\u00e1rrafo \u00fanico del art. 36, y, si fuera el caso, la suma de \u00e9ste m\u00e1s el exigido como resultado de la conferencia aduanera.<br \/>\u00a7 Apartado 2 La solicitud a que se refiere el caput:<br \/>I - Debe presentarse a la autoridad aduanera a trav\u00e9s de ECT o de la empresa de mensajer\u00eda:<br \/>a) el periodo de custodia del env\u00edo internacional; y<br \/>b) antes de que el cr\u00e9dito fiscal sea abonado por el destinatario o cobrado por la empresa de mensajer\u00eda o ECT.<br \/>II - Deber\u00e1 contener las razones de hecho y de derecho que fundamenten la pretensi\u00f3n e ir acompa\u00f1ada de copia de los documentos que prueben la alegaci\u00f3n;<br \/>III - interrumpir el per\u00edodo de custodia; y<br \/>IV - S\u00f3lo puede presentarse una vez por cada env\u00edo.<br \/>\u00a7 P\u00e1rrafo 3 La decisi\u00f3n de la autoridad aduanera sobre la solicitud se tomar\u00e1 en una sola instancia y se comunicar\u00e1 al destinatario a trav\u00e9s de ECT o de la empresa de mensajer\u00eda.<br \/>\u00a7 Apartado 4 La fecha de la resoluci\u00f3n a la que se refiere el apartado 3 iniciar\u00e1 el nuevo c\u00f3mputo del periodo de custodia.<br \/>\u00a7 P\u00e1rrafo 5\u00ba - Si el consignatario manifestase disconformidad con la decisi\u00f3n a que se refiere el P\u00e1rrafo 3\u00ba, el auditor fiscal de la Secretar\u00eda de Ingresos Federales de Brasil deber\u00e1 hacer la liquidaci\u00f3n, en la forma prevista en el Decreto 70235, de 6 de marzo de 1972, por el valor de la parte del cr\u00e9dito tributario disputada.<br \/>\u00a7 P\u00e1rrafo 6 - En el caso previsto en el P\u00e1rrafo 5, la consignaci\u00f3n internacional podr\u00e1 ser entregada, a partir del inicio de la fase contenciosa del proceso, mediante dep\u00f3sito en efectivo, t\u00edtulo de la deuda p\u00fablica federal o aval bancario, por el importe correspondiente a la parte litigiosa del cr\u00e9dito tributario, siempre que se cumplan los dem\u00e1s requisitos establecidos en la Ordenanza MF 389 de 13 de octubre de 1976, y se efect\u00fae el pago de la parte no litigiosa del cr\u00e9dito tributario.<\/p><p><h3>R\u00c9GIMEN FISCAL SIMPLIFICADO - RTS<\/h3><\/p><p>Art. 21 El R\u00e9gimen Simplificado de Tributaci\u00f3n (RTS), establecido por el Decreto-Ley n\u00ba 1.804, de 3 de septiembre de 1980, es el que permite el pago del Impuesto de Importaci\u00f3n sobre la importaci\u00f3n de bienes contenidos en un env\u00edo internacional, con valor total de hasta US$ 3.000,00 (tres mil d\u00f3lares de los Estados Unidos de Am\u00e9rica) o su equivalente en otra moneda, mediante la aplicaci\u00f3n de la tasa \u00fanica de 60% (sesenta por ciento).<br \/>\u00a7 Apartado 1 La imposici\u00f3n a que se refiere el ep\u00edgrafe se basar\u00e1 en el valor en aduana de todas las mercanc\u00edas contenidas en el env\u00edo internacional.<br \/>\u00a7 P\u00e1rrafo 2\u00ba - La al\u00edcuota referida en el caput ser\u00e1 reducida a 0% (cero por ciento) sobre los productos acabados pertenecientes a las clases de medicamentos cuyo valor sea de hasta US$ 10.000,00 (diez mil d\u00f3lares de los Estados Unidos de Am\u00e9rica) o su equivalente en otra moneda, importados por env\u00edo postal o encomienda a\u00e9rea internacional, por particulares para uso propio o individual, siempre que se cumplan todos los requisitos establecidos por los \u00f3rganos de control administrativo.<br \/>\u00a7 3 Se reduce a 0% (cero por ciento), hasta el 30 de septiembre de 2020, la al\u00edcuota referida en el caput, sobre la importaci\u00f3n de mercanc\u00edas clasificadas en los c\u00f3digos de la Nomenclatura Com\u00fan del Mercosur (NCM) listados en el Anexo \u00danico de la Ordenanza MF n\u00ba 156, de 24 de junio de 1999, que formen parte de env\u00edos postales internacionales o de encomiendas a\u00e9reas por valor de hasta US$ 10.000,00 (diez mil d\u00f3lares estadounidenses) o su equivalente en otra divisa, destinados a una persona f\u00edsica o jur\u00eddica. (Incluido por la Instrucci\u00f3n Normativa RFB n\u00ba 1940, de 20 de abril de 2020)<br \/>Art. 22 - La opci\u00f3n por el RTS se considerar\u00e1 autom\u00e1tica para los env\u00edos internacionales que cumplan los requisitos establecidos para disfrutar del r\u00e9gimen.<br \/>\u00a7 P\u00e1rrafo 1 El destinatario podr\u00e1 indicar a la empresa de mensajer\u00eda o ECT, hasta el momento del env\u00edo al extranjero, su intenci\u00f3n de no utilizar el RTS, mediante comunicaci\u00f3n en la forma prevista por el servicio de atenci\u00f3n al cliente de la respectiva empresa.<br \/>\u00a7 P\u00e1rrafo 2 La empresa de mensajer\u00eda y la ECT podr\u00e1n aceptar expresiones despu\u00e9s del plazo mencionado en el p\u00e1rrafo 1, siempre que tengan tiempo para registrar la correspondiente declaraci\u00f3n aduanera de importaci\u00f3n.<br \/>Art. 23: No podr\u00e1n importarse al amparo del RTS:<br \/>I - Bebidas alcoh\u00f3licas; y<br \/>II - Mercanc\u00edas contempladas en el Cap\u00edtulo 24 de la Nomenclatura Com\u00fan del Mercosur - NCM (tabaco y productos del tabaco).<br \/>Art. 24: Las mercanc\u00edas sometidas a despacho de aduana en virtud del RTS est\u00e1n exentas de:<br \/>I - Impuesto sobre Productos Industrializados (IPI);<br \/>II - Contribuci\u00f3n a los Programas de Integraci\u00f3n Social y de Formaci\u00f3n de Capital de los Servidores P\u00fablicos gravada a la Importaci\u00f3n de Productos o Servicios Extranjeros (Contribuci\u00f3n al PIS\/Pasep-Importaci\u00f3n); y<br \/>III - Contribuci\u00f3n Social para la Financiaci\u00f3n de la Seguridad Social adeudada por Importadores de Bienes o Servicios Extranjeros (Cofins-Import).<br \/><\/p>\t\t\t\t\t\t\t\t<\/div>\n\t\t\t\t\t<\/div>\n\t\t\t\t<\/div>\n\t\t\t\t<\/div>","protected":false},"excerpt":{"rendered":"<p>Informa\u00e7\u00f5es embarques internacionais remessas expressas ORIENTA\u00c7\u00d5ES GERAIS PARA EMBARQUES INTERNACIONAIS Observando a legisla\u00e7\u00e3o vigente de transporte expresso, recomendamos a leitura das especifica\u00e7\u00f5es abaixo para envio e recebimento de remessas expressas:A Master Freight Transportes Intl Ltda, sediada no Brasil, prestadora de servi\u00e7os de transporte internacional porta a porta por via a\u00e9rea de remessas expressas, nos Aeroportos [&#8230;]\n","protected":false},"author":2,"featured_media":0,"parent":0,"menu_order":0,"comment_status":"closed","ping_status":"closed","template":"","meta":{"footnotes":""},"class_list":["post-1087","page","type-page","status-publish","hentry"],"yoast_head":"<!-- This site is optimized with the Yoast SEO plugin v27.3 - https:\/\/yoast.com\/product\/yoast-seo-wordpress\/ -->\n<title>Courier - Master Freight<\/title>\n<meta name=\"robots\" content=\"index, follow, max-snippet:-1, max-image-preview:large, max-video-preview:-1\" \/>\n<link rel=\"canonical\" href=\"https:\/\/masterfreight.com\/es\/courier\/\" \/>\n<meta property=\"og:locale\" content=\"es_ES\" \/>\n<meta property=\"og:type\" content=\"article\" \/>\n<meta property=\"og:title\" content=\"Courier - Master Freight\" \/>\n<meta property=\"og:description\" content=\"Informa\u00e7\u00f5es embarques internacionais remessas expressas ORIENTA\u00c7\u00d5ES GERAIS PARA EMBARQUES INTERNACIONAIS Observando a legisla\u00e7\u00e3o vigente de transporte expresso, recomendamos a leitura das especifica\u00e7\u00f5es abaixo para envio e recebimento de remessas expressas:A Master Freight Transportes Intl Ltda, sediada no Brasil, prestadora de servi\u00e7os de transporte internacional porta a porta por via a\u00e9rea de remessas expressas, nos Aeroportos [...]\" \/>\n<meta property=\"og:url\" content=\"https:\/\/masterfreight.com\/es\/courier\/\" \/>\n<meta property=\"og:site_name\" content=\"Master Freight\" \/>\n<meta property=\"article:publisher\" content=\"https:\/\/www.facebook.com\/Master-Freight-America-Corp-296326137055392\/\" \/>\n<meta property=\"article:modified_time\" content=\"2025-08-11T21:37:28+00:00\" \/>\n<meta name=\"twitter:card\" content=\"summary_large_image\" \/>\n<meta name=\"twitter:label1\" content=\"Tiempo de lectura\" \/>\n\t<meta name=\"twitter:data1\" content=\"12 minutos\" \/>\n<script type=\"application\/ld+json\" class=\"yoast-schema-graph\">{\"@context\":\"https:\\\/\\\/schema.org\",\"@graph\":[{\"@type\":\"WebPage\",\"@id\":\"https:\\\/\\\/masterfreight.com\\\/courier\\\/\",\"url\":\"https:\\\/\\\/masterfreight.com\\\/courier\\\/\",\"name\":\"Courier - Master Freight\",\"isPartOf\":{\"@id\":\"https:\\\/\\\/masterfreight.com\\\/#website\"},\"datePublished\":\"2025-08-10T12:10:14+00:00\",\"dateModified\":\"2025-08-11T21:37:28+00:00\",\"breadcrumb\":{\"@id\":\"https:\\\/\\\/masterfreight.com\\\/courier\\\/#breadcrumb\"},\"inLanguage\":\"es\",\"potentialAction\":[{\"@type\":\"ReadAction\",\"target\":[\"https:\\\/\\\/masterfreight.com\\\/courier\\\/\"]}]},{\"@type\":\"BreadcrumbList\",\"@id\":\"https:\\\/\\\/masterfreight.com\\\/courier\\\/#breadcrumb\",\"itemListElement\":[{\"@type\":\"ListItem\",\"position\":1,\"name\":\"Home\",\"item\":\"https:\\\/\\\/masterfreight.com\\\/\"},{\"@type\":\"ListItem\",\"position\":2,\"name\":\"Courier\"}]},{\"@type\":\"WebSite\",\"@id\":\"https:\\\/\\\/masterfreight.com\\\/#website\",\"url\":\"https:\\\/\\\/masterfreight.com\\\/\",\"name\":\"Master Freight\",\"description\":\"Excel\u00eancia em Log\u00edstica\",\"publisher\":{\"@id\":\"https:\\\/\\\/masterfreight.com\\\/#organization\"},\"potentialAction\":[{\"@type\":\"SearchAction\",\"target\":{\"@type\":\"EntryPoint\",\"urlTemplate\":\"https:\\\/\\\/masterfreight.com\\\/?s={search_term_string}\"},\"query-input\":{\"@type\":\"PropertyValueSpecification\",\"valueRequired\":true,\"valueName\":\"search_term_string\"}}],\"inLanguage\":\"es\"},{\"@type\":\"Organization\",\"@id\":\"https:\\\/\\\/masterfreight.com\\\/#organization\",\"name\":\"Master Freight\",\"url\":\"https:\\\/\\\/masterfreight.com\\\/\",\"logo\":{\"@type\":\"ImageObject\",\"inLanguage\":\"es\",\"@id\":\"https:\\\/\\\/masterfreight.com\\\/#\\\/schema\\\/logo\\\/image\\\/\",\"url\":\"https:\\\/\\\/masterfreight.com\\\/wp-content\\\/uploads\\\/2020\\\/05\\\/favicon-1.png\",\"contentUrl\":\"https:\\\/\\\/masterfreight.com\\\/wp-content\\\/uploads\\\/2020\\\/05\\\/favicon-1.png\",\"width\":254,\"height\":210,\"caption\":\"Master Freight\"},\"image\":{\"@id\":\"https:\\\/\\\/masterfreight.com\\\/#\\\/schema\\\/logo\\\/image\\\/\"},\"sameAs\":[\"https:\\\/\\\/www.facebook.com\\\/Master-Freight-America-Corp-296326137055392\\\/\",\"https:\\\/\\\/www.linkedin.com\\\/company\\\/masterfreight-logistics\\\/?viewAsMember=true\"]}]}<\/script>\n<!-- \/ Yoast SEO plugin. -->","yoast_head_json":{"title":"Courier - Master Freight","robots":{"index":"index","follow":"follow","max-snippet":"max-snippet:-1","max-image-preview":"max-image-preview:large","max-video-preview":"max-video-preview:-1"},"canonical":"https:\/\/masterfreight.com\/es\/courier\/","og_locale":"es_ES","og_type":"article","og_title":"Courier - Master Freight","og_description":"Informa\u00e7\u00f5es embarques internacionais remessas expressas ORIENTA\u00c7\u00d5ES GERAIS PARA EMBARQUES INTERNACIONAIS Observando a legisla\u00e7\u00e3o vigente de transporte expresso, recomendamos a leitura das especifica\u00e7\u00f5es abaixo para envio e recebimento de remessas expressas:A Master Freight Transportes Intl Ltda, sediada no Brasil, prestadora de servi\u00e7os de transporte internacional porta a porta por via a\u00e9rea de remessas expressas, nos Aeroportos [...]","og_url":"https:\/\/masterfreight.com\/es\/courier\/","og_site_name":"Master Freight","article_publisher":"https:\/\/www.facebook.com\/Master-Freight-America-Corp-296326137055392\/","article_modified_time":"2025-08-11T21:37:28+00:00","twitter_card":"summary_large_image","twitter_misc":{"Tiempo de lectura":"12 minutos"},"schema":{"@context":"https:\/\/schema.org","@graph":[{"@type":"WebPage","@id":"https:\/\/masterfreight.com\/courier\/","url":"https:\/\/masterfreight.com\/courier\/","name":"Courier - Master Freight","isPartOf":{"@id":"https:\/\/masterfreight.com\/#website"},"datePublished":"2025-08-10T12:10:14+00:00","dateModified":"2025-08-11T21:37:28+00:00","breadcrumb":{"@id":"https:\/\/masterfreight.com\/courier\/#breadcrumb"},"inLanguage":"es","potentialAction":[{"@type":"ReadAction","target":["https:\/\/masterfreight.com\/courier\/"]}]},{"@type":"BreadcrumbList","@id":"https:\/\/masterfreight.com\/courier\/#breadcrumb","itemListElement":[{"@type":"ListItem","position":1,"name":"Home","item":"https:\/\/masterfreight.com\/"},{"@type":"ListItem","position":2,"name":"Courier"}]},{"@type":"WebSite","@id":"https:\/\/masterfreight.com\/#website","url":"https:\/\/masterfreight.com\/","name":"Master Freight","description":"Excelencia en log\u00edstica","publisher":{"@id":"https:\/\/masterfreight.com\/#organization"},"potentialAction":[{"@type":"SearchAction","target":{"@type":"EntryPoint","urlTemplate":"https:\/\/masterfreight.com\/?s={search_term_string}"},"query-input":{"@type":"PropertyValueSpecification","valueRequired":true,"valueName":"search_term_string"}}],"inLanguage":"es"},{"@type":"Organization","@id":"https:\/\/masterfreight.com\/#organization","name":"Master Freight","url":"https:\/\/masterfreight.com\/","logo":{"@type":"ImageObject","inLanguage":"es","@id":"https:\/\/masterfreight.com\/#\/schema\/logo\/image\/","url":"https:\/\/masterfreight.com\/wp-content\/uploads\/2020\/05\/favicon-1.png","contentUrl":"https:\/\/masterfreight.com\/wp-content\/uploads\/2020\/05\/favicon-1.png","width":254,"height":210,"caption":"Master Freight"},"image":{"@id":"https:\/\/masterfreight.com\/#\/schema\/logo\/image\/"},"sameAs":["https:\/\/www.facebook.com\/Master-Freight-America-Corp-296326137055392\/","https:\/\/www.linkedin.com\/company\/masterfreight-logistics\/?viewAsMember=true"]}]}},"_links":{"self":[{"href":"https:\/\/masterfreight.com\/es\/wp-json\/wp\/v2\/pages\/1087","targetHints":{"allow":["GET"]}}],"collection":[{"href":"https:\/\/masterfreight.com\/es\/wp-json\/wp\/v2\/pages"}],"about":[{"href":"https:\/\/masterfreight.com\/es\/wp-json\/wp\/v2\/types\/page"}],"author":[{"embeddable":true,"href":"https:\/\/masterfreight.com\/es\/wp-json\/wp\/v2\/users\/2"}],"replies":[{"embeddable":true,"href":"https:\/\/masterfreight.com\/es\/wp-json\/wp\/v2\/comments?post=1087"}],"version-history":[{"count":5,"href":"https:\/\/masterfreight.com\/es\/wp-json\/wp\/v2\/pages\/1087\/revisions"}],"predecessor-version":[{"id":1143,"href":"https:\/\/masterfreight.com\/es\/wp-json\/wp\/v2\/pages\/1087\/revisions\/1143"}],"wp:attachment":[{"href":"https:\/\/masterfreight.com\/es\/wp-json\/wp\/v2\/media?parent=1087"}],"curies":[{"name":"wp","href":"https:\/\/api.w.org\/{rel}","templated":true}]}}