{"id":1087,"date":"2025-08-10T09:10:14","date_gmt":"2025-08-10T12:10:14","guid":{"rendered":"https:\/\/masterfreight.com\/?page_id=1087"},"modified":"2025-08-11T18:37:28","modified_gmt":"2025-08-11T21:37:28","slug":"courier","status":"publish","type":"page","link":"https:\/\/masterfreight.com\/en\/courier\/","title":{"rendered":"Courier"},"content":{"rendered":"<div data-elementor-type=\"wp-page\" data-elementor-id=\"1087\" class=\"elementor elementor-1087\" data-elementor-post-type=\"page\">\n\t\t\t\t<div class=\"elementor-element elementor-element-3fd29dd0 e-flex e-con-boxed e-con e-parent\" data-id=\"3fd29dd0\" data-element_type=\"container\" data-e-type=\"container\">\n\t\t\t\t\t<div class=\"e-con-inner\">\n\t\t\t\t<div class=\"elementor-element elementor-element-59cac11c elementor-widget elementor-widget-text-editor\" data-id=\"59cac11c\" data-element_type=\"widget\" data-e-type=\"widget\" data-widget_type=\"text-editor.default\">\n\t\t\t\t\t\t\t\t\t<h2 style=\"text-align: center;\">Information on international express shipments<\/h2>\t\t\t\t\t\t\t\t<\/div>\n\t\t\t\t\t<\/div>\n\t\t\t\t<\/div>\n\t\t<div class=\"elementor-element elementor-element-e8972d5 e-flex e-con-boxed e-con e-parent\" data-id=\"e8972d5\" data-element_type=\"container\" data-e-type=\"container\">\n\t\t\t\t\t<div class=\"e-con-inner\">\n\t\t\t\t<div class=\"elementor-element elementor-element-fb740f2 elementor-widget elementor-widget-text-editor\" data-id=\"fb740f2\" data-element_type=\"widget\" data-e-type=\"widget\" data-widget_type=\"text-editor.default\">\n\t\t\t\t\t\t\t\t\t<h3>GENERAL GUIDELINES FOR INTERNATIONAL SHIPMENTS<\/h3><p>In compliance with current express transportation legislation, we recommend that you read the specifications below for sending and receiving express shipments:<br \/>Master Freight Transportes Intl Ltda, based in Brazil, which provides door-to-door international transportation services by air for express shipments, at Guarulhos International Airports, in a regular and continuous flow, for import or export, by means of its own or contracted vehicle or by international courier, authorized by the Brazilian Federal Revenue Service (RFB), DOES NOT ACCEPT the transportation of weapons, accessories, ammunition, narcotics, drugs or other goods whose import or export is suspended or prohibited, or which violate intellectual property rights.<br \/>For more details see the link below: https:\/\/normasinternet2.receita.fazenda.gov.br\/#\/consulta\/externa\/86226\/visao\/multivigente<\/p><p><h3>LIMITS ON THE VALUE OF GOODS<\/h3><\/p><p>All express shipments are subject to the Simplified Taxation Regime:<br \/>The value of the goods may not exceed the limit of US$ 3,000.00 (three thousand US dollars), or equivalent in another currency*.<br \/>Import tax of 60% levied on the value of the goods plus freight.<br \/>ICMS of 18% calculated on the value of the goods plus the tax due of 60%<br \/>Individuals may not bring quantities and frequencies that characterize a commercial destination, in accordance with the value of US$ 3,000.00, from the United States or equivalent in other currencies.<br \/>Legal Entities can bring in quantities and frequencies that characterize a commercial destination, obeying the Value of US$ 3,000.00 per House, and can import up to US$ 100,000.00 from the United States or equivalent in other currencies PER YEAR.<br \/>*The import of goods or parcels for individuals is permitted, in accordance with the rules contained in IN 1737\/2017.<br \/>**The importation of goods or parcels in quantities and frequency that characterize trade by individuals is not permitted.<\/p><p><h3>CUSTOMER OBLIGATIONS<\/h3><\/p><p>Senders and recipients in the country are obliged to keep documents relating to the import and export of consignments in good order and custody, under the terms established by Article 70 of Law No. 10833 of December 29, 2003.<\/p><p><h3>SIZE LIMITS PACKAGING AND WEIGHTS<\/h3><\/p><p>Master Freight Transportes Intl Ltda adopts the standard imposed by the RFB in which packages cannot exceed the maximum measurements of 70CM wide and 90CM high and can weigh up to 150kgs.<br \/>Master Freight Transportes Intl Ltda checks that shipments are up to standard with its associates before shipment.<br \/>We carry out prior inspections at the time of collection to avoid any non-compliance with current laws.<br \/>We use the non-invasive detection equipment in the terminals of the airports we operate to check express consignments.<\/p><p><h3>RESTRICTED ITEMS<\/h3><\/p><p>Customs clearance processed using Siscomex Remessa is prohibited for the following goods contained in an international consignment:<br \/>I - Goods subject to import licensing in Siscomex Import by the Army Command or the Federal Police Department;<br \/>II - Goods to which the application of the RTS is prohibited, under the terms of art. 23, except for samples with no commercial value of goods classified under code 2402.20.00 and NCM heading 2401, intended for technical analysis, in imports promoted by an industrial establishment that maintains a special registration with the RFB, under the terms of art. 330 of Decree no. 7.212, of June 15, 2010;<br \/>III - wildlife;<br \/>IV - Wildlife plants;<br \/>V - Diamonds of NCM heading 7102;<br \/>VI - Legal tender; and<br \/>VII - used or reconditioned goods.<br \/>Sole paragraph. The prohibition in item VII of the caput does not apply:<br \/>a) goods included in \u00a7 5 of art. 37;<br \/>b) goods temporarily exported by individuals returning to the country;<br \/>c) physical media comprising integrated circuits, semiconductors and similar devices, recorded with document-equivalent content;<br \/>d) books, other printed matter, photographs and documents;<br \/>e) artistic objects and antiques; and<br \/>f) goods for personal use or consumption, imported by an individual.<br \/>Art. 40 - For the purposes of this Normative Instruction, the characterization of goods for personal use or consumption must be carried out in accordance with the definition contained in the specific rule on baggage.<\/p><p><h3>CUSTOMS CONFERENCE<\/h3><\/p><p>Art. 45: The selection of the consignment for customs checking in Siscomex Remessa will be carried out by the RFB and will take into account the control needs of its competence based on the information provided in the system and its own risk assessment criteria.<br \/>\u00a7 Paragraph 1 Courier companies and ECT must provide recipients in Brazil with information on the occurrence of selection for inspection, with identification of the body or entity of the Federal Public Administration responsible for the inspection, and its start and completion dates, by consulting their tracking system or, when this is not available, their Customer Service (SAC).<br \/>\u00a7 Paragraph 2 The selection for customs checking may be carried out automatically on the basis of information previously recorded in the system.<br \/>\u00a7 Paragraph 3 Coana will establish the criteria for the selection referred to in the caput, to be carried out by the RFB inspection.<br \/>Art. 46: Shipments not selected for the inspection referred to in \u00a71 of art. 45 or for customs checking will be released automatically by Siscomex Remessa.<br \/>Sole paragraph. The release of a consignment that has not been selected for customs checking does not prevent the customs authority from ordering that it be held for checking, if it becomes aware of a fact or indication of an irregularity, proof of which requires checking its contents.<br \/>Art. 47: The consignment selected for customs checking by the RFB will be subjected to documentary examination and may also be subjected to invasive or non-invasive physical checking.<br \/>Art. 48: The documentary examination consists of analyzing the documents available for shipment, comparing their information with that recorded in the respective DIR.<br \/>Sole paragraph. The activity described in the caput includes the analysis of the customs value referred to in art. 25.<br \/>Art. 49: Physical verification will be carried out by a Brazilian Federal Revenue Tax Auditor or, under his supervision, by a Brazilian Federal Revenue Tax Analyst, in the presence of a representative of ECT or the courier company, under the terms of the legislation in force.<br \/>\u00a7 Paragraph 1 The consignment opened for content verification must be reconstituted in its original packaging, when possible, and sealed with adhesive tape indicating that it has been opened by the RFB.<br \/>\u00a7 Paragraph 2 In the event of inspection by other agencies or entities of the Federal Public Administration, the volumes opened for this purpose must be sealed with a tape indicating that they have been opened by the corresponding agency or entity.<\/p><p><h3>TAX REQUIREMENTS<\/h3><\/p><p>Art. 50: If, during the customs checking of the consignment, any occurrences are found that prevent the customs clearance from proceeding, the clearance will be automatically interrupted in Siscomex Remessa, after the corresponding requirement has been registered in the respective DIR.<br \/>\u00a7 Paragraph 1 The courier company or ECT must communicate the requirement to the recipient, by electronic means or any other effective means.<br \/>\u00a7 Paragraph 2 Requirements must be complied with within 30 (thirty) days from the date they are registered in Siscomex Remessa.<br \/>\u00a7 Paragraph 3 The documents and manifestations of the consignee, related to the requirement, must be delivered to the courier company or ECT, in the form provided by the companies' customer service, for presentation to the inspection.<br \/>Art. 51: If the requirement referred to in art. 50 arises from a disagreement with the amount of the tax credit informed in the DIR, the recipient of the international shipment may submit a Declaration Revision Request using the form provided by ECT or the courier company.<br \/>\u00a7 Paragraph 1 The value of the tax credit informed in the DIR is understood to be that calculated by Siscomex Remessa under the terms of the sole paragraph of art. 36, and, if applicable, the sum of this plus that required as a result of the customs conference.<br \/>\u00a7 Paragraph 2:<br \/>I - It must be presented to the customs authority via ECT or the courier company:<br \/>a) the period of custody of the international consignment; and<br \/>b) before the tax credit is paid by the consignee or collected by the courier company or ECT.<br \/>II - It must contain the reasons of fact and law that support the claim and be accompanied by a copy of the documents that prove the claim;<br \/>III - interrupt the custody period; and<br \/>IV - It can only be submitted once for each consignment.<br \/>\u00a7 Paragraph 3 The customs authority's decision on the application will be made in a single instance and will be communicated to the consignee via ECT or the courier company.<br \/>\u00a7 Paragraph 4 The date of the decision referred to in Paragraph 3 will start the new count of the custody period.<br \/>\u00a7 Paragraph 5 - If the addressee expresses non-conformity with the decision referred to in Paragraph 3, the Brazilian Federal Revenue Service Tax Auditor shall make the assessment, as provided for in Decree 70.235, of March 6, 1972, for the amount of the disputed part of the tax credit.<br \/>\u00a7 Paragraph 6 - In the event provided for in Paragraph 5, the international consignment may be delivered, as from the start of the litigation phase of the process, by means of a cash deposit, federal public debt bond or bank guarantee, in the amount corresponding to the disputed part of the tax credit, provided the other requirements set out in MF Ordinance No. 389 of October 13, 1976 are met, and payment of the undisputed portion of the tax credit is made<\/p><p><h3>SIMPLIFIED TAXATION REGIME - RTS<\/h3><\/p><p>Art. 21 The Simplified Taxation Regime (RTS), established by Decree-Law No. 1.804, of September 3, 1980, is the one that allows the payment of Import Tax on the import of goods contained in an international shipment, with a total value of up to US$ 3.000,00 (three thousand United States dollars) or the equivalent in another currency, by applying the single rate of 60% (sixty percent).<br \/>\u00a7 Paragraph 1 The taxation referred to in the heading will be based on the customs value of all the goods contained in the international consignment.<br \/>\u00a7 Paragraph 2. The tax rate referred to in the caput will be reduced to 0% (zero percent) on finished products belonging to the classes of medicines worth up to US$ 10,000.00 (ten thousand United States dollars) or the equivalent in another currency, imported by postal shipment or international air parcel, by individuals for their own or individual use, provided that all the requirements established by the administrative control bodies are met.<br \/>\u00a7 3 The rate referred to in the caput is reduced to 0% (zero percent), until September 30, 2020, on the import of goods classified in the Mercosur Common Nomenclature (NCM) codes listed in the Single Annex to MF Ordinance No. 156, of June 24, 1999, as part of an international postal consignment or air parcel worth up to US$ 10.000.00 (ten thousand United States dollars) or the equivalent in another currency, destined for an individual or legal entity. (Included by RFB Normative Instruction No. 1940, of April 20, 2020)<br \/>Art. 22 - The option for the RTS will be considered automatic for international shipments that meet the requirements established for enjoying the regime.<br \/>\u00a7 Paragraph 1 The consignee may indicate to the courier company or ECT, up to the moment the shipment is posted abroad, their intention not to use the RTS, by means of communication in the form provided by the customer service of the respective company.<br \/>\u00a7 Paragraph 2 The courier company and ECT may accept manifestations after the time limit referred to in Paragraph 1, provided they have time to register the corresponding customs import declaration.<br \/>Art. 23. The following may not be imported under the RTS:<br \/>I - Alcoholic beverages; and<br \/>II - Goods referred to in Chapter 24 of the Mercosur Common Nomenclature - NCM (tobacco and tobacco products).<br \/>Art. 24: Goods submitted for customs clearance under the RTS are exempt from:<br \/>I - Tax on Industrialized Products (IPI);<br \/>II - Contribution to the Social Integration and Public Servant Equity Formation Programs levied on the Import of Foreign Products or Services (Contribution to PIS\/Pasep-Import); and<br \/>III - Social Contribution for the Financing of Social Security owed by Importers of Foreign Goods or Services (Cofins-Import).<br \/><\/p>\t\t\t\t\t\t\t\t<\/div>\n\t\t\t\t\t<\/div>\n\t\t\t\t<\/div>\n\t\t\t\t<\/div>","protected":false},"excerpt":{"rendered":"<p>Informa\u00e7\u00f5es embarques internacionais remessas expressas ORIENTA\u00c7\u00d5ES GERAIS PARA EMBARQUES INTERNACIONAIS Observando a legisla\u00e7\u00e3o vigente de transporte expresso, recomendamos a leitura das especifica\u00e7\u00f5es abaixo para envio e recebimento de remessas expressas:A Master Freight Transportes Intl Ltda, sediada no Brasil, prestadora de servi\u00e7os de transporte internacional porta a porta por via a\u00e9rea de remessas expressas, nos Aeroportos [&#8230;]\n","protected":false},"author":2,"featured_media":0,"parent":0,"menu_order":0,"comment_status":"closed","ping_status":"closed","template":"","meta":{"footnotes":""},"class_list":["post-1087","page","type-page","status-publish","hentry"],"yoast_head":"<!-- This site is optimized with the Yoast SEO plugin v27.3 - https:\/\/yoast.com\/product\/yoast-seo-wordpress\/ -->\n<title>Courier - Master Freight<\/title>\n<meta name=\"robots\" content=\"index, follow, max-snippet:-1, max-image-preview:large, max-video-preview:-1\" \/>\n<link rel=\"canonical\" href=\"https:\/\/masterfreight.com\/en\/courier\/\" \/>\n<meta property=\"og:locale\" content=\"en_US\" \/>\n<meta property=\"og:type\" content=\"article\" \/>\n<meta property=\"og:title\" content=\"Courier - Master Freight\" \/>\n<meta property=\"og:description\" content=\"Informa\u00e7\u00f5es embarques internacionais remessas expressas ORIENTA\u00c7\u00d5ES GERAIS PARA EMBARQUES INTERNACIONAIS Observando a legisla\u00e7\u00e3o vigente de transporte expresso, recomendamos a leitura das especifica\u00e7\u00f5es abaixo para envio e recebimento de remessas expressas:A Master Freight Transportes Intl Ltda, sediada no Brasil, prestadora de servi\u00e7os de transporte internacional porta a porta por via a\u00e9rea de remessas expressas, nos Aeroportos [...]\" \/>\n<meta property=\"og:url\" content=\"https:\/\/masterfreight.com\/en\/courier\/\" \/>\n<meta property=\"og:site_name\" content=\"Master Freight\" \/>\n<meta property=\"article:publisher\" content=\"https:\/\/www.facebook.com\/Master-Freight-America-Corp-296326137055392\/\" \/>\n<meta property=\"article:modified_time\" content=\"2025-08-11T21:37:28+00:00\" \/>\n<meta name=\"twitter:card\" content=\"summary_large_image\" \/>\n<meta name=\"twitter:label1\" content=\"Est. reading time\" \/>\n\t<meta name=\"twitter:data1\" content=\"12 minutes\" \/>\n<script type=\"application\/ld+json\" class=\"yoast-schema-graph\">{\"@context\":\"https:\\\/\\\/schema.org\",\"@graph\":[{\"@type\":\"WebPage\",\"@id\":\"https:\\\/\\\/masterfreight.com\\\/courier\\\/\",\"url\":\"https:\\\/\\\/masterfreight.com\\\/courier\\\/\",\"name\":\"Courier - Master Freight\",\"isPartOf\":{\"@id\":\"https:\\\/\\\/masterfreight.com\\\/#website\"},\"datePublished\":\"2025-08-10T12:10:14+00:00\",\"dateModified\":\"2025-08-11T21:37:28+00:00\",\"breadcrumb\":{\"@id\":\"https:\\\/\\\/masterfreight.com\\\/courier\\\/#breadcrumb\"},\"inLanguage\":\"en-US\",\"potentialAction\":[{\"@type\":\"ReadAction\",\"target\":[\"https:\\\/\\\/masterfreight.com\\\/courier\\\/\"]}]},{\"@type\":\"BreadcrumbList\",\"@id\":\"https:\\\/\\\/masterfreight.com\\\/courier\\\/#breadcrumb\",\"itemListElement\":[{\"@type\":\"ListItem\",\"position\":1,\"name\":\"Home\",\"item\":\"https:\\\/\\\/masterfreight.com\\\/\"},{\"@type\":\"ListItem\",\"position\":2,\"name\":\"Courier\"}]},{\"@type\":\"WebSite\",\"@id\":\"https:\\\/\\\/masterfreight.com\\\/#website\",\"url\":\"https:\\\/\\\/masterfreight.com\\\/\",\"name\":\"Master Freight\",\"description\":\"Excel\u00eancia em Log\u00edstica\",\"publisher\":{\"@id\":\"https:\\\/\\\/masterfreight.com\\\/#organization\"},\"potentialAction\":[{\"@type\":\"SearchAction\",\"target\":{\"@type\":\"EntryPoint\",\"urlTemplate\":\"https:\\\/\\\/masterfreight.com\\\/?s={search_term_string}\"},\"query-input\":{\"@type\":\"PropertyValueSpecification\",\"valueRequired\":true,\"valueName\":\"search_term_string\"}}],\"inLanguage\":\"en-US\"},{\"@type\":\"Organization\",\"@id\":\"https:\\\/\\\/masterfreight.com\\\/#organization\",\"name\":\"Master Freight\",\"url\":\"https:\\\/\\\/masterfreight.com\\\/\",\"logo\":{\"@type\":\"ImageObject\",\"inLanguage\":\"en-US\",\"@id\":\"https:\\\/\\\/masterfreight.com\\\/#\\\/schema\\\/logo\\\/image\\\/\",\"url\":\"https:\\\/\\\/masterfreight.com\\\/wp-content\\\/uploads\\\/2020\\\/05\\\/favicon-1.png\",\"contentUrl\":\"https:\\\/\\\/masterfreight.com\\\/wp-content\\\/uploads\\\/2020\\\/05\\\/favicon-1.png\",\"width\":254,\"height\":210,\"caption\":\"Master Freight\"},\"image\":{\"@id\":\"https:\\\/\\\/masterfreight.com\\\/#\\\/schema\\\/logo\\\/image\\\/\"},\"sameAs\":[\"https:\\\/\\\/www.facebook.com\\\/Master-Freight-America-Corp-296326137055392\\\/\",\"https:\\\/\\\/www.linkedin.com\\\/company\\\/masterfreight-logistics\\\/?viewAsMember=true\"]}]}<\/script>\n<!-- \/ Yoast SEO plugin. -->","yoast_head_json":{"title":"Courier - Master Freight","robots":{"index":"index","follow":"follow","max-snippet":"max-snippet:-1","max-image-preview":"max-image-preview:large","max-video-preview":"max-video-preview:-1"},"canonical":"https:\/\/masterfreight.com\/en\/courier\/","og_locale":"en_US","og_type":"article","og_title":"Courier - Master Freight","og_description":"Informa\u00e7\u00f5es embarques internacionais remessas expressas ORIENTA\u00c7\u00d5ES GERAIS PARA EMBARQUES INTERNACIONAIS Observando a legisla\u00e7\u00e3o vigente de transporte expresso, recomendamos a leitura das especifica\u00e7\u00f5es abaixo para envio e recebimento de remessas expressas:A Master Freight Transportes Intl Ltda, sediada no Brasil, prestadora de servi\u00e7os de transporte internacional porta a porta por via a\u00e9rea de remessas expressas, nos Aeroportos [...]","og_url":"https:\/\/masterfreight.com\/en\/courier\/","og_site_name":"Master Freight","article_publisher":"https:\/\/www.facebook.com\/Master-Freight-America-Corp-296326137055392\/","article_modified_time":"2025-08-11T21:37:28+00:00","twitter_card":"summary_large_image","twitter_misc":{"Est. reading time":"12 minutes"},"schema":{"@context":"https:\/\/schema.org","@graph":[{"@type":"WebPage","@id":"https:\/\/masterfreight.com\/courier\/","url":"https:\/\/masterfreight.com\/courier\/","name":"Courier - Master Freight","isPartOf":{"@id":"https:\/\/masterfreight.com\/#website"},"datePublished":"2025-08-10T12:10:14+00:00","dateModified":"2025-08-11T21:37:28+00:00","breadcrumb":{"@id":"https:\/\/masterfreight.com\/courier\/#breadcrumb"},"inLanguage":"en-US","potentialAction":[{"@type":"ReadAction","target":["https:\/\/masterfreight.com\/courier\/"]}]},{"@type":"BreadcrumbList","@id":"https:\/\/masterfreight.com\/courier\/#breadcrumb","itemListElement":[{"@type":"ListItem","position":1,"name":"Home","item":"https:\/\/masterfreight.com\/"},{"@type":"ListItem","position":2,"name":"Courier"}]},{"@type":"WebSite","@id":"https:\/\/masterfreight.com\/#website","url":"https:\/\/masterfreight.com\/","name":"Master Freight","description":"Excellence in Logistics","publisher":{"@id":"https:\/\/masterfreight.com\/#organization"},"potentialAction":[{"@type":"SearchAction","target":{"@type":"EntryPoint","urlTemplate":"https:\/\/masterfreight.com\/?s={search_term_string}"},"query-input":{"@type":"PropertyValueSpecification","valueRequired":true,"valueName":"search_term_string"}}],"inLanguage":"en-US"},{"@type":"Organization","@id":"https:\/\/masterfreight.com\/#organization","name":"Master Freight","url":"https:\/\/masterfreight.com\/","logo":{"@type":"ImageObject","inLanguage":"en-US","@id":"https:\/\/masterfreight.com\/#\/schema\/logo\/image\/","url":"https:\/\/masterfreight.com\/wp-content\/uploads\/2020\/05\/favicon-1.png","contentUrl":"https:\/\/masterfreight.com\/wp-content\/uploads\/2020\/05\/favicon-1.png","width":254,"height":210,"caption":"Master Freight"},"image":{"@id":"https:\/\/masterfreight.com\/#\/schema\/logo\/image\/"},"sameAs":["https:\/\/www.facebook.com\/Master-Freight-America-Corp-296326137055392\/","https:\/\/www.linkedin.com\/company\/masterfreight-logistics\/?viewAsMember=true"]}]}},"_links":{"self":[{"href":"https:\/\/masterfreight.com\/en\/wp-json\/wp\/v2\/pages\/1087","targetHints":{"allow":["GET"]}}],"collection":[{"href":"https:\/\/masterfreight.com\/en\/wp-json\/wp\/v2\/pages"}],"about":[{"href":"https:\/\/masterfreight.com\/en\/wp-json\/wp\/v2\/types\/page"}],"author":[{"embeddable":true,"href":"https:\/\/masterfreight.com\/en\/wp-json\/wp\/v2\/users\/2"}],"replies":[{"embeddable":true,"href":"https:\/\/masterfreight.com\/en\/wp-json\/wp\/v2\/comments?post=1087"}],"version-history":[{"count":5,"href":"https:\/\/masterfreight.com\/en\/wp-json\/wp\/v2\/pages\/1087\/revisions"}],"predecessor-version":[{"id":1143,"href":"https:\/\/masterfreight.com\/en\/wp-json\/wp\/v2\/pages\/1087\/revisions\/1143"}],"wp:attachment":[{"href":"https:\/\/masterfreight.com\/en\/wp-json\/wp\/v2\/media?parent=1087"}],"curies":[{"name":"wp","href":"https:\/\/api.w.org\/{rel}","templated":true}]}}