{"id":451,"date":"2018-03-21T17:15:04","date_gmt":"2018-03-21T20:15:04","guid":{"rendered":"http:\/\/fkadk.com\/master_homo\/?page_id=451"},"modified":"2018-03-22T13:51:14","modified_gmt":"2018-03-22T16:51:14","slug":"solucoes","status":"publish","type":"page","link":"https:\/\/masterfreight.com\/de\/solucoes\/","title":{"rendered":"L\u00f6sungen"},"content":{"rendered":"<section class=\"section has-parallax\" id=\"section_1214647955\">\n\t\t<div class=\"section-bg fill\" data-parallax-container=\".section\" data-parallax-background data-parallax=\"-7\">\n\t\t\t<img fetchpriority=\"high\" decoding=\"async\" width=\"1920\" height=\"1080\" src=\"https:\/\/masterfreight.com\/wp-content\/uploads\/2018\/03\/bg_01.jpg\" class=\"bg attachment-original size-original\" alt=\"\" \/>\t\t\t\t\t\t<div class=\"section-bg-overlay absolute fill\"><\/div>\n\t\t\t\n\n\t\t<\/div>\n\n\t\t\n\n\t\t<div class=\"section-content relative\">\n\t\t\t\n\t<div id=\"gap-1704285661\" class=\"gap-element clearfix\" style=\"display:block; height:auto;\">\n\t\t\n<style>\n#gap-1704285661 {\n  padding-top: 150px;\n}\n<\/style>\n\t<\/div>\n\t\n<div class=\"row row-small align-equal align-center\"  id=\"row-1809106857\">\n\n\t<div id=\"col-2128903043\" class=\"col small-12 large-12\"  >\n\t\t\t\t<div class=\"col-inner text-center dark\"  >\n\t\t\t\n\t\t\t\n<h2 class=\"uppercase\" style=\"text-align: center;\"><span style=\"font-size: 120%;\"><strong>L\u00f6sungen<\/strong><\/span><\/h2>\n<div class=\"is-divider divider clearfix\" style=\"max-width:80px;height:2px;background-color:rgb(218, 179, 13);\"><\/div>\n\t\t<\/div>\n\t\t\t\t\t<\/div>\n\n\t\n<\/div>\n\t\t<\/div>\n\n\t\t\n<style>\n#section_1214647955 {\n  padding-top: 0px;\n  padding-bottom: 0px;\n  min-height: 350px;\n}\n#section_1214647955 .section-bg-overlay {\n  background-color: rgba(40, 33, 33, 0.46);\n}\n#section_1214647955 .section-bg img {\n  object-position: 33% 78%;\n}\n<\/style>\n\t<\/section>\n\t\n\n\t<section class=\"section\" id=\"section_1141070170\">\n\t\t<div class=\"section-bg fill\" >\n\t\t\t\t\t\t\t\t\t\n\t\t\t\n\n\t\t<\/div>\n\n\t\t\n\n\t\t<div class=\"section-content relative\">\n\t\t\t\n\t<div id=\"gap-1108094706\" class=\"gap-element clearfix\" style=\"display:block; height:auto;\">\n\t\t\n<style>\n#gap-1108094706 {\n  padding-top: 30px;\n}\n<\/style>\n\t<\/div>\n\t\n<div class=\"row row-small align-equal\"  id=\"row-15476242\">\n\n\t<div id=\"col-1683370318\" class=\"col medium-6 small-12 large-6\"  data-animate=\"fadeInDown\">\n\t\t\t\t<div class=\"col-inner\"  >\n\t\t\t\n\t\t\t\n\n\t\t<div class=\"icon-box featured-box icon-box-left text-left\"  >\n\t\t\t\t\t<div class=\"icon-box-img\" style=\"width: 98px\">\n\t\t\t\t<div class=\"icon\">\n\t\t\t\t\t<div class=\"icon-inner\" >\n\t\t\t\t\t\t<img decoding=\"async\" width=\"114\" height=\"107\" src=\"https:\/\/masterfreight.com\/wp-content\/uploads\/2018\/03\/icons_0006_Group-1.png\" class=\"attachment-medium size-medium\" alt=\"\" \/>\t\t\t\t\t<\/div>\n\t\t\t\t<\/div>\n\t\t\t<\/div>\n\t\t\t\t<div class=\"icon-box-text last-reset\">\n\t\t\t\t\t\t\t\t\t\n<h3>INTERNER LUFTVERKEHR<\/h3>\n<p>Verl\u00e4sslichkeit und wettbewerbsf\u00e4hige Preise<\/p>\n<ul>\n<li>Konsolidierung der Fracht an den wichtigsten Punkten der Welt<\/li>\n<li>Ausgefeilte Verfahren und \u00dcberwachung von Luftfrachtsendungen<\/li>\n<li>Allianzen mit ALLEN Fluggesellschaften in Brasilien<\/li>\n<\/ul>\n\t\t<\/div>\n\t<\/div>\n\t\n\t\n\t\t<\/div>\n\t\t\t\t\t<\/div>\n\n\t\n\n\t<div id=\"col-1442579525\" class=\"col medium-6 small-12 large-6\"  data-animate=\"fadeInDown\">\n\t\t\t\t<div class=\"col-inner\"  >\n\t\t\t\n\t\t\t\n\n\t\t<div class=\"icon-box featured-box icon-box-left text-left\"  >\n\t\t\t\t\t<div class=\"icon-box-img\" style=\"width: 98px\">\n\t\t\t\t<div class=\"icon\">\n\t\t\t\t\t<div class=\"icon-inner\" >\n\t\t\t\t\t\t<img decoding=\"async\" width=\"151\" height=\"72\" src=\"https:\/\/masterfreight.com\/wp-content\/uploads\/2018\/03\/icons_0005_Layer-4.png\" class=\"attachment-medium size-medium\" alt=\"\" \/>\t\t\t\t\t<\/div>\n\t\t\t\t<\/div>\n\t\t\t<\/div>\n\t\t\t\t<div class=\"icon-box-text last-reset\">\n\t\t\t\t\t\t\t\t\t\n<h3>INTERNER SEEVERKEHR<\/h3>\n<p>Sicherheit und P\u00fcnktlichkeit<\/p>\n<ul>\n<li>Frachtverfolgung vom Ursprung bis zum endg\u00fcltigen Bestimmungsort<\/li>\n<li>Fracht\u00fcberwachung in H\u00e4fen, Lagern und Vertriebsdiensten<\/li>\n<li>NVOCC einschlie\u00dflich in Containern konsolidierter Fracht, FCL oder LCL<\/li>\n<li>Vollst\u00e4ndige \u00dcberwachung des Umschlags und der Bewegung von G\u00fctern<\/li>\n<\/ul>\n\t\t<\/div>\n\t<\/div>\n\t\n\t\n\t\t<\/div>\n\t\t\t\t\t<\/div>\n\n\t\n<\/div>\n\t<div id=\"gap-713794322\" class=\"gap-element clearfix\" style=\"display:block; height:auto;\">\n\t\t\n<style>\n#gap-713794322 {\n  padding-top: 30px;\n}\n<\/style>\n\t<\/div>\n\t\n<div class=\"row row-small align-equal\"  id=\"row-2056854502\">\n\n\t<div id=\"col-1034828189\" class=\"col medium-6 small-12 large-6\"  data-animate=\"fadeInDown\">\n\t\t\t\t<div class=\"col-inner\"  >\n\t\t\t\n\t\t\t\n\n\t\t<div class=\"icon-box featured-box icon-box-left text-left\"  >\n\t\t\t\t\t<div class=\"icon-box-img\" style=\"width: 98px\">\n\t\t\t\t<div class=\"icon\">\n\t\t\t\t\t<div class=\"icon-inner\" >\n\t\t\t\t\t\t<img loading=\"lazy\" decoding=\"async\" width=\"88\" height=\"109\" src=\"https:\/\/masterfreight.com\/wp-content\/uploads\/2018\/03\/icons_0004_Layer-5.png\" class=\"attachment-medium size-medium\" alt=\"\" \/>\t\t\t\t\t<\/div>\n\t\t\t\t<\/div>\n\t\t\t<\/div>\n\t\t\t\t<div class=\"icon-box-text last-reset\">\n\t\t\t\t\t\t\t\t\t\n<h3>KOMPLETTE LOGISTIKVERWALTUNG<\/h3>\n<p><strong>(3PL - Third Parts Logistics)<\/strong><br \/>Outsourcing des kompletten Managements der Logistikkette, vom Zeitpunkt der Bestellung bis zum Eingang der Ware im Lager des Kunden.<\/p>\n\t\t<\/div>\n\t<\/div>\n\t\n\t\n\t\t<\/div>\n\t\t\t\t\t<\/div>\n\n\t\n\n\t<div id=\"col-1111225126\" class=\"col medium-6 small-12 large-6\"  data-animate=\"fadeInDown\">\n\t\t\t\t<div class=\"col-inner\"  >\n\t\t\t\n\t\t\t\n\n\t\t<div class=\"icon-box featured-box icon-box-left text-left\"  >\n\t\t\t\t\t<div class=\"icon-box-img\" style=\"width: 98px\">\n\t\t\t\t<div class=\"icon\">\n\t\t\t\t\t<div class=\"icon-inner\" >\n\t\t\t\t\t\t<img loading=\"lazy\" decoding=\"async\" width=\"133\" height=\"83\" src=\"https:\/\/masterfreight.com\/wp-content\/uploads\/2018\/03\/icons_0001_Layer-8.png\" class=\"attachment-medium size-medium\" alt=\"\" \/>\t\t\t\t\t<\/div>\n\t\t\t\t<\/div>\n\t\t\t<\/div>\n\t\t\t\t<div class=\"icon-box-text last-reset\">\n\t\t\t\t\t\t\t\t\t\n<h3>VERSAND VON MOTOREN<\/h3>\n<p>Transport von Motoren gem\u00e4\u00df der Transportanleitung des jeweiligen Herstellers<\/p>\n<ul>\n<li>Kritische Sendungen AOG (Flugzeug am Boden)<\/li>\n<li>Studie und Analyse der besten Routen<\/li>\n<\/ul>\n<p>Umfassende Erfahrung mit verschiedenen Arten von Motoren und Wiegen<br \/>Transport gem\u00e4\u00df den Anforderungen der Transportrichtlinien des jeweiligen Herstellers<\/p>\n\t\t<\/div>\n\t<\/div>\n\t\n\t\n\t\t<\/div>\n\t\t\t\t\t<\/div>\n\n\t\n<\/div>\n\t<div id=\"gap-1075442146\" class=\"gap-element clearfix\" style=\"display:block; height:auto;\">\n\t\t\n<style>\n#gap-1075442146 {\n  padding-top: 30px;\n}\n<\/style>\n\t<\/div>\n\t\n<div class=\"row row-small align-equal\"  id=\"row-242018731\">\n\n\t<div id=\"col-1667295380\" class=\"col medium-6 small-12 large-6\"  data-animate=\"fadeInDown\">\n\t\t\t\t<div class=\"col-inner\"  >\n\t\t\t\n\t\t\t\n\n\t\t<div class=\"icon-box featured-box icon-box-left text-left\"  >\n\t\t\t\t\t<div class=\"icon-box-img\" style=\"width: 98px\">\n\t\t\t\t<div class=\"icon\">\n\t\t\t\t\t<div class=\"icon-inner\" >\n\t\t\t\t\t\t<img loading=\"lazy\" decoding=\"async\" width=\"144\" height=\"82\" src=\"https:\/\/masterfreight.com\/wp-content\/uploads\/2018\/03\/icons_0002_Layer-7.png\" class=\"attachment-medium size-medium\" alt=\"\" \/>\t\t\t\t\t<\/div>\n\t\t\t\t<\/div>\n\t\t\t<\/div>\n\t\t\t\t<div class=\"icon-box-text last-reset\">\n\t\t\t\t\t\t\t\t\t\n<h3>PRODUKTE UND DIENSTLEISTUNGEN: SPEDITION<\/h3>\n<p>- Luftfracht (Linienverkehr, Konsolidierung, AOG, COMAT, Charter)<br \/>- Seefracht<br \/>- Luftgefederter Lkw<br \/>- Gefahrgut-Zertifikat - DGR<br \/>- Hand Carry - Personalisierter Lieferservice<br \/>- 24 x 7, R\u00fcckverfolgbarkeit und \u00dcberwachung (KPI - TAT Management)<\/p>\n\t\t<\/div>\n\t<\/div>\n\t\n\t\n\t\t<\/div>\n\t\t\t\t\t<\/div>\n\n\t\n\n\t<div id=\"col-1075748732\" class=\"col medium-6 small-12 large-6\"  data-animate=\"fadeInDown\">\n\t\t\t\t<div class=\"col-inner\"  >\n\t\t\t\n\t\t\t\n\n\t\t<div class=\"icon-box featured-box icon-box-left text-left\"  >\n\t\t\t\t\t<div class=\"icon-box-img\" style=\"width: 98px\">\n\t\t\t\t<div class=\"icon\">\n\t\t\t\t\t<div class=\"icon-inner\" >\n\t\t\t\t\t\t<img loading=\"lazy\" decoding=\"async\" width=\"120\" height=\"94\" src=\"https:\/\/masterfreight.com\/wp-content\/uploads\/2018\/03\/icons_0003_Layer-6.png\" class=\"attachment-medium size-medium\" alt=\"\" \/>\t\t\t\t\t<\/div>\n\t\t\t\t<\/div>\n\t\t\t<\/div>\n\t\t\t\t<div class=\"icon-box-text last-reset\">\n\t\t\t\t\t\t\t\t\t\n<h3>LOGISTIKMANAGEMENT<\/h3>\n<p>- Verwaltung der Best\u00e4nde<br \/>- Auftragsverfolgung<br \/>- Umgekehrte Logik<br \/>- Montage von Bauteilen<br \/>- Lagerung, Sortierung und Verpackung<br \/>- Kostenoptimierung und Plan zur kontinuierlichen Verbesserung<br \/>- Demontage, Montage, Verpackung und Palettierung<br \/>- Vertriebsmanagement<\/p>\n\t\t<\/div>\n\t<\/div>\n\t\n\t\n\t\t<\/div>\n\t\t\t\t\t<\/div>\n\n\t\n<\/div>\n\t<div id=\"gap-1222178290\" class=\"gap-element clearfix\" style=\"display:block; height:auto;\">\n\t\t\n<style>\n#gap-1222178290 {\n  padding-top: 30px;\n}\n<\/style>\n\t<\/div>\n\t\n<div class=\"row row-small align-equal\"  id=\"row-1635826916\">\n\n\t<div id=\"col-717378890\" class=\"col medium-6 small-12 large-6\"  data-animate=\"fadeInDown\">\n\t\t\t\t<div class=\"col-inner\"  >\n\t\t\t\n\t\t\t\n\n\t\t<div class=\"icon-box featured-box icon-box-left text-left\"  >\n\t\t\t\t\t<div class=\"icon-box-img\" style=\"width: 98px\">\n\t\t\t\t<div class=\"icon\">\n\t\t\t\t\t<div class=\"icon-inner\" >\n\t\t\t\t\t\t<img loading=\"lazy\" decoding=\"async\" width=\"141\" height=\"91\" src=\"https:\/\/masterfreight.com\/wp-content\/uploads\/2018\/03\/icons_0000_Layer-9.png\" class=\"attachment-medium size-medium\" alt=\"\" \/>\t\t\t\t\t<\/div>\n\t\t\t\t<\/div>\n\t\t\t<\/div>\n\t\t\t\t<div class=\"icon-box-text last-reset\">\n\t\t\t\t\t\t\t\t\t\n<h3>CUSTOMS<\/h3>\n<p>- Zollfreilager - Sekund\u00e4rzone<br \/>- Zollabfertigung (Ursprung\/Bestimmung)<br \/>- Klassifizierung von Flugzeugteilen<br \/>- Programm zur Einhaltung der Vorschriften<\/p>\n\t\t<\/div>\n\t<\/div>\n\t\n\t\n\t\t<\/div>\n\t\t\t\t\t<\/div>\n\n\t\n<\/div>\n\t\t<\/div>\n\n\t\t\n<style>\n#section_1141070170 {\n  padding-top: 30px;\n  padding-bottom: 30px;\n}\n<\/style>\n\t<\/section>","protected":false},"excerpt":{"rendered":"","protected":false},"author":1,"featured_media":0,"parent":0,"menu_order":0,"comment_status":"closed","ping_status":"closed","template":"page-transparent-header.php","meta":{"footnotes":""},"class_list":["post-451","page","type-page","status-publish","hentry"],"yoast_head":"<!-- This site is optimized with the Yoast SEO plugin v27.3 - https:\/\/yoast.com\/product\/yoast-seo-wordpress\/ -->\n<title>Solu\u00e7\u00f5es - Master Freight<\/title>\n<meta name=\"robots\" content=\"index, follow, max-snippet:-1, max-image-preview:large, max-video-preview:-1\" \/>\n<link rel=\"canonical\" href=\"https:\/\/masterfreight.com\/de\/solucoes\/\" \/>\n<meta property=\"og:locale\" content=\"de_DE\" \/>\n<meta property=\"og:type\" content=\"article\" \/>\n<meta property=\"og:title\" content=\"Solu\u00e7\u00f5es - Master Freight\" \/>\n<meta property=\"og:url\" content=\"https:\/\/masterfreight.com\/de\/solucoes\/\" \/>\n<meta property=\"og:site_name\" content=\"Master Freight\" \/>\n<meta property=\"article:publisher\" content=\"https:\/\/www.facebook.com\/Master-Freight-America-Corp-296326137055392\/\" \/>\n<meta property=\"article:modified_time\" content=\"2018-03-22T16:51:14+00:00\" \/>\n<meta name=\"twitter:card\" content=\"summary_large_image\" \/>\n<meta name=\"twitter:label1\" content=\"Gesch\u00e4tzte Lesezeit\" \/>\n\t<meta name=\"twitter:data1\" content=\"2\u00a0Minuten\" \/>\n<script type=\"application\/ld+json\" class=\"yoast-schema-graph\">{\"@context\":\"https:\\\/\\\/schema.org\",\"@graph\":[{\"@type\":\"WebPage\",\"@id\":\"https:\\\/\\\/masterfreight.com\\\/solucoes\\\/\",\"url\":\"https:\\\/\\\/masterfreight.com\\\/solucoes\\\/\",\"name\":\"Solu\u00e7\u00f5es - Master Freight\",\"isPartOf\":{\"@id\":\"https:\\\/\\\/masterfreight.com\\\/#website\"},\"datePublished\":\"2018-03-21T20:15:04+00:00\",\"dateModified\":\"2018-03-22T16:51:14+00:00\",\"breadcrumb\":{\"@id\":\"https:\\\/\\\/masterfreight.com\\\/solucoes\\\/#breadcrumb\"},\"inLanguage\":\"de\",\"potentialAction\":[{\"@type\":\"ReadAction\",\"target\":[\"https:\\\/\\\/masterfreight.com\\\/solucoes\\\/\"]}]},{\"@type\":\"BreadcrumbList\",\"@id\":\"https:\\\/\\\/masterfreight.com\\\/solucoes\\\/#breadcrumb\",\"itemListElement\":[{\"@type\":\"ListItem\",\"position\":1,\"name\":\"Home\",\"item\":\"https:\\\/\\\/masterfreight.com\\\/\"},{\"@type\":\"ListItem\",\"position\":2,\"name\":\"Solu\u00e7\u00f5es\"}]},{\"@type\":\"WebSite\",\"@id\":\"https:\\\/\\\/masterfreight.com\\\/#website\",\"url\":\"https:\\\/\\\/masterfreight.com\\\/\",\"name\":\"Master Freight\",\"description\":\"Excel\u00eancia em Log\u00edstica\",\"publisher\":{\"@id\":\"https:\\\/\\\/masterfreight.com\\\/#organization\"},\"potentialAction\":[{\"@type\":\"SearchAction\",\"target\":{\"@type\":\"EntryPoint\",\"urlTemplate\":\"https:\\\/\\\/masterfreight.com\\\/?s={search_term_string}\"},\"query-input\":{\"@type\":\"PropertyValueSpecification\",\"valueRequired\":true,\"valueName\":\"search_term_string\"}}],\"inLanguage\":\"de\"},{\"@type\":\"Organization\",\"@id\":\"https:\\\/\\\/masterfreight.com\\\/#organization\",\"name\":\"Master Freight\",\"url\":\"https:\\\/\\\/masterfreight.com\\\/\",\"logo\":{\"@type\":\"ImageObject\",\"inLanguage\":\"de\",\"@id\":\"https:\\\/\\\/masterfreight.com\\\/#\\\/schema\\\/logo\\\/image\\\/\",\"url\":\"https:\\\/\\\/masterfreight.com\\\/wp-content\\\/uploads\\\/2020\\\/05\\\/favicon-1.png\",\"contentUrl\":\"https:\\\/\\\/masterfreight.com\\\/wp-content\\\/uploads\\\/2020\\\/05\\\/favicon-1.png\",\"width\":254,\"height\":210,\"caption\":\"Master Freight\"},\"image\":{\"@id\":\"https:\\\/\\\/masterfreight.com\\\/#\\\/schema\\\/logo\\\/image\\\/\"},\"sameAs\":[\"https:\\\/\\\/www.facebook.com\\\/Master-Freight-America-Corp-296326137055392\\\/\",\"https:\\\/\\\/www.linkedin.com\\\/company\\\/masterfreight-logistics\\\/?viewAsMember=true\"]}]}<\/script>\n<!-- \/ Yoast SEO plugin. -->","yoast_head_json":{"title":"L\u00f6sungen - Master Freight","robots":{"index":"index","follow":"follow","max-snippet":"max-snippet:-1","max-image-preview":"max-image-preview:large","max-video-preview":"max-video-preview:-1"},"canonical":"https:\/\/masterfreight.com\/de\/solucoes\/","og_locale":"de_DE","og_type":"article","og_title":"Solu\u00e7\u00f5es - Master Freight","og_url":"https:\/\/masterfreight.com\/de\/solucoes\/","og_site_name":"Master Freight","article_publisher":"https:\/\/www.facebook.com\/Master-Freight-America-Corp-296326137055392\/","article_modified_time":"2018-03-22T16:51:14+00:00","twitter_card":"summary_large_image","twitter_misc":{"Gesch\u00e4tzte Lesezeit":"2\u00a0Minuten"},"schema":{"@context":"https:\/\/schema.org","@graph":[{"@type":"WebPage","@id":"https:\/\/masterfreight.com\/solucoes\/","url":"https:\/\/masterfreight.com\/solucoes\/","name":"L\u00f6sungen - Master Freight","isPartOf":{"@id":"https:\/\/masterfreight.com\/#website"},"datePublished":"2018-03-21T20:15:04+00:00","dateModified":"2018-03-22T16:51:14+00:00","breadcrumb":{"@id":"https:\/\/masterfreight.com\/solucoes\/#breadcrumb"},"inLanguage":"de","potentialAction":[{"@type":"ReadAction","target":["https:\/\/masterfreight.com\/solucoes\/"]}]},{"@type":"BreadcrumbList","@id":"https:\/\/masterfreight.com\/solucoes\/#breadcrumb","itemListElement":[{"@type":"ListItem","position":1,"name":"Home","item":"https:\/\/masterfreight.com\/"},{"@type":"ListItem","position":2,"name":"Solu\u00e7\u00f5es"}]},{"@type":"WebSite","@id":"https:\/\/masterfreight.com\/#website","url":"https:\/\/masterfreight.com\/","name":"Hauptfracht","description":"Herausragende Leistungen in der Logistik","publisher":{"@id":"https:\/\/masterfreight.com\/#organization"},"potentialAction":[{"@type":"SearchAction","target":{"@type":"EntryPoint","urlTemplate":"https:\/\/masterfreight.com\/?s={search_term_string}"},"query-input":{"@type":"PropertyValueSpecification","valueRequired":true,"valueName":"search_term_string"}}],"inLanguage":"de"},{"@type":"Organization","@id":"https:\/\/masterfreight.com\/#organization","name":"Hauptfracht","url":"https:\/\/masterfreight.com\/","logo":{"@type":"ImageObject","inLanguage":"de","@id":"https:\/\/masterfreight.com\/#\/schema\/logo\/image\/","url":"https:\/\/masterfreight.com\/wp-content\/uploads\/2020\/05\/favicon-1.png","contentUrl":"https:\/\/masterfreight.com\/wp-content\/uploads\/2020\/05\/favicon-1.png","width":254,"height":210,"caption":"Master Freight"},"image":{"@id":"https:\/\/masterfreight.com\/#\/schema\/logo\/image\/"},"sameAs":["https:\/\/www.facebook.com\/Master-Freight-America-Corp-296326137055392\/","https:\/\/www.linkedin.com\/company\/masterfreight-logistics\/?viewAsMember=true"]}]}},"_links":{"self":[{"href":"https:\/\/masterfreight.com\/de\/wp-json\/wp\/v2\/pages\/451","targetHints":{"allow":["GET"]}}],"collection":[{"href":"https:\/\/masterfreight.com\/de\/wp-json\/wp\/v2\/pages"}],"about":[{"href":"https:\/\/masterfreight.com\/de\/wp-json\/wp\/v2\/types\/page"}],"author":[{"embeddable":true,"href":"https:\/\/masterfreight.com\/de\/wp-json\/wp\/v2\/users\/1"}],"replies":[{"embeddable":true,"href":"https:\/\/masterfreight.com\/de\/wp-json\/wp\/v2\/comments?post=451"}],"version-history":[{"count":5,"href":"https:\/\/masterfreight.com\/de\/wp-json\/wp\/v2\/pages\/451\/revisions"}],"predecessor-version":[{"id":748,"href":"https:\/\/masterfreight.com\/de\/wp-json\/wp\/v2\/pages\/451\/revisions\/748"}],"wp:attachment":[{"href":"https:\/\/masterfreight.com\/de\/wp-json\/wp\/v2\/media?parent=451"}],"curies":[{"name":"wp","href":"https:\/\/api.w.org\/{rel}","templated":true}]}}