{"id":1087,"date":"2025-08-10T09:10:14","date_gmt":"2025-08-10T12:10:14","guid":{"rendered":"https:\/\/masterfreight.com\/?page_id=1087"},"modified":"2025-08-11T18:37:28","modified_gmt":"2025-08-11T21:37:28","slug":"courier","status":"publish","type":"page","link":"https:\/\/masterfreight.com\/de\/courier\/","title":{"rendered":"Kurier"},"content":{"rendered":"<div data-elementor-type=\"wp-page\" data-elementor-id=\"1087\" class=\"elementor elementor-1087\" data-elementor-post-type=\"page\">\n\t\t\t\t<div class=\"elementor-element elementor-element-3fd29dd0 e-flex e-con-boxed e-con e-parent\" data-id=\"3fd29dd0\" data-element_type=\"container\" data-e-type=\"container\">\n\t\t\t\t\t<div class=\"e-con-inner\">\n\t\t\t\t<div class=\"elementor-element elementor-element-59cac11c elementor-widget elementor-widget-text-editor\" data-id=\"59cac11c\" data-element_type=\"widget\" data-e-type=\"widget\" data-widget_type=\"text-editor.default\">\n\t\t\t\t\t\t\t\t\t<h2 style=\"text-align: center;\">Informationen \u00fcber internationale Express-Sendungen<\/h2>\t\t\t\t\t\t\t\t<\/div>\n\t\t\t\t\t<\/div>\n\t\t\t\t<\/div>\n\t\t<div class=\"elementor-element elementor-element-e8972d5 e-flex e-con-boxed e-con e-parent\" data-id=\"e8972d5\" data-element_type=\"container\" data-e-type=\"container\">\n\t\t\t\t\t<div class=\"e-con-inner\">\n\t\t\t\t<div class=\"elementor-element elementor-element-fb740f2 elementor-widget elementor-widget-text-editor\" data-id=\"fb740f2\" data-element_type=\"widget\" data-e-type=\"widget\" data-widget_type=\"text-editor.default\">\n\t\t\t\t\t\t\t\t\t<h3>ALLGEMEINE RICHTLINIEN F\u00dcR INTERNATIONALE SENDUNGEN<\/h3><p>In \u00dcbereinstimmung mit den geltenden Rechtsvorschriften f\u00fcr den Expressversand empfehlen wir Ihnen, die nachstehenden Spezifikationen f\u00fcr den Versand und Empfang von Expresssendungen zu lesen:<br \/>Master Freight Transportes Intl Ltda mit Sitz in Brasilien, die internationale Lufttransporte von T\u00fcr zu T\u00fcr f\u00fcr Expresssendungen auf dem internationalen Flughafen Guarulhos in einem regelm\u00e4\u00dfigen und kontinuierlichen Fluss f\u00fcr den Import oder Export mit eigenen oder unter Vertrag genommenen Fahrzeugen oder per internationalem Kurier, der von der brasilianischen Bundessteuerbeh\u00f6rde (RFB) genehmigt wurde, anbietet, NIMMT KEINE Bef\u00f6rderung von Waffen, Zubeh\u00f6r, Munition, Bet\u00e4ubungsmitteln, Drogen oder anderen Waren an, deren Einfuhr oder Ausfuhr ausgesetzt oder verboten ist oder die gegen geistige Eigentumsrechte versto\u00dfen.<br \/>Weitere Einzelheiten finden Sie unter dem nachstehenden Link: https:\/\/normasinternet2.receita.fazenda.gov.br\/#\/consulta\/externa\/86226\/visao\/multivigente<\/p><p><h3>GRENZEN F\u00dcR DEN WARENWERT<\/h3><\/p><p>Alle Expresssendungen unterliegen der vereinfachten Steuerregelung:<br \/>Der Wert der Waren darf die Grenze von US$ 3.000,00 (dreitausend US Dollar) oder den Gegenwert in einer anderen W\u00e4hrung* nicht \u00fcberschreiten.<br \/>Die Einfuhrsteuer von 60% wird auf den Warenwert zuz\u00fcglich Fracht erhoben.<br \/>ICMS in H\u00f6he von 18%, berechnet auf den Warenwert zuz\u00fcglich der geschuldeten Steuer von 60%<br \/>Einzelpersonen d\u00fcrfen keine Mengen und H\u00e4ufigkeiten einf\u00fchren, die ein kommerzielles Ziel gem\u00e4\u00df dem Wert von US$ 3.000,00 aus den Vereinigten Staaten oder dem Gegenwert in anderen W\u00e4hrungen kennzeichnen.<br \/>Juristische Personen k\u00f6nnen Mengen und Frequenzen, die f\u00fcr eine gewerbliche Nutzung charakteristisch sind, bis zu einem Wert von US$ 3.000,00 pro Haus einf\u00fchren und k\u00f6nnen bis zu US$ 100.000,00 oder den Gegenwert in anderen W\u00e4hrungen PRO JAHR aus den Vereinigten Staaten einf\u00fchren.<br \/>*Die Einfuhr von Waren oder Paketen f\u00fcr Privatpersonen ist gem\u00e4\u00df den in IN 1737\/2017 enthaltenen Regeln zul\u00e4ssig.<br \/>**Die Einfuhr von Waren oder Paketen in den Mengen und in der H\u00e4ufigkeit, die f\u00fcr den Handel von Privatpersonen charakteristisch sind, ist nicht zul\u00e4ssig.<\/p><p><h3>KUNDENVERPFLICHTUNGEN<\/h3><\/p><p>Die Absender und Empf\u00e4nger im Land sind verpflichtet, die Dokumente \u00fcber die Ein- und Ausfuhr von Sendungen gem\u00e4\u00df Artikel 70 des Gesetzes 10.833 vom 29. Dezember 2003 ordnungsgem\u00e4\u00df aufzubewahren und zu kontrollieren.<\/p><p><h3>GR\u00d6SSEN-, VERPACKUNGS- UND GEWICHTSBESCHR\u00c4NKUNGEN<\/h3><\/p><p>Master Freight Transportes Intl Ltda h\u00e4lt sich an die vom RFB auferlegte Norm, wonach Pakete die maximalen Ma\u00dfe von 70 cm Breite und 90 cm H\u00f6he nicht \u00fcberschreiten und bis zu 150 kg wiegen d\u00fcrfen.<br \/>Master Freight Transportes Intl Ltda pr\u00fcft \u00fcber seine Partner, ob die Sendungen der Norm entsprechen, bevor sie verschickt werden.<br \/>Wir f\u00fchren bei der Abholung Vorabkontrollen durch, um zu vermeiden, dass die geltenden Gesetze nicht eingehalten werden.<br \/>In den Terminals der von uns betriebenen Flugh\u00e4fen nutzen wir die nicht-invasiven Detektionsger\u00e4te zur Kontrolle von Express-Sendungen.<\/p><p><h3>SPERRGUT<\/h3><\/p><p>Die Zollabfertigung \u00fcber Siscomex Remessa ist f\u00fcr die folgenden Waren, die in einer internationalen Sendung enthalten sind, verboten:<br \/>I - Waren, die der Einfuhrlizenzierung in Siscomex Import durch die Armeef\u00fchrung oder die Bundespolizei unterliegen;<br \/>II - Waren, auf die die Anwendung des RTS gem\u00e4\u00df Art. 23 verboten ist, mit Ausnahme von Mustern ohne Handelswert von Waren, die unter Code 2402.20.00 und NCM-Position 2401 klassifiziert sind, die f\u00fcr technische Analysen bestimmt sind, bei Einfuhren, die von Industrieunternehmen gef\u00f6rdert werden, die gem\u00e4\u00df Art. 330 des Dekrets Nr. 7.212 vom 15. Juni 2010 eine besondere Registrierung beim RFB unterhalten;<br \/>III - Wildtiere;<br \/>IV - Wildlebende Pflanzen;<br \/>V - Diamanten der NCM-Position 7102;<br \/>VI - Gesetzliches Zahlungsmittel; und<br \/>VII - gebrauchte oder rekonditionierte Waren.<br \/>Einziger Absatz. Das Verbot in Punkt VII des Kapitels findet keine Anwendung:<br \/>a) Waren, die unter \u00a7 5 des Artikels 37 fallen;<br \/>b) Waren, die vor\u00fcbergehend von Personen ausgef\u00fchrt werden, die in das Land zur\u00fcckkehren;<br \/>c) physische Datentr\u00e4ger mit integrierten Schaltkreisen, Halbleitern und \u00e4hnlichen Vorrichtungen, die mit dokumenten\u00e4quivalentem Inhalt bespielt werden;<br \/>d) B\u00fccher, andere Druckerzeugnisse, Fotografien und Dokumente;<br \/>e) Kunstgegenst\u00e4nde und Antiquit\u00e4ten; und<br \/>f) Waren zum pers\u00f6nlichen Gebrauch oder Verbrauch, die von einer Privatperson eingef\u00fchrt werden.<br \/>Art. 40 - F\u00fcr die Zwecke dieser Normativen Instruktion muss die Charakterisierung von G\u00fctern, die zum pers\u00f6nlichen Gebrauch oder Verbrauch bestimmt sind, in \u00dcbereinstimmung mit der Definition in den spezifischen Gep\u00e4ckbestimmungen erfolgen.<\/p><p><h3>ZOLLKONFERENZ<\/h3><\/p><p>Art. 45: Die Auswahl der Sendung f\u00fcr die Zollkontrolle in Siscomex Remessa erfolgt durch das RFB und ber\u00fccksichtigt den Kontrollbedarf in seinem Zust\u00e4ndigkeitsbereich auf der Grundlage der im System bereitgestellten Informationen und seiner eigenen Risikobewertungskriterien.<br \/>\u00a7 Absatz 1 Kurierunternehmen und ECT m\u00fcssen den Empf\u00e4ngern in Brasilien Informationen \u00fcber die Auswahl der zu pr\u00fcfenden Sendungen unter Angabe der f\u00fcr die Pr\u00fcfung zust\u00e4ndigen Stelle oder Einrichtung der f\u00f6deralen \u00f6ffentlichen Verwaltung sowie des Anfangs- und Enddatums der Pr\u00fcfung zur Verf\u00fcgung stellen, indem sie ihr Sendungsverfolgungssystem oder, falls dieses nicht verf\u00fcgbar ist, ihr Kundendienstzentrum (SAC) konsultieren.<br \/>\u00a7 Absatz 2 Die Auswahl f\u00fcr die Zollkontrolle kann automatisch auf der Grundlage der zuvor im System gespeicherten Informationen erfolgen.<br \/>\u00a7 Absatz 3 Coana legt die Kriterien f\u00fcr die im Caput genannte Auswahl fest, die von der Inspektionsstelle des RFB durchgef\u00fchrt wird.<br \/>Art. 46: Sendungen, die nicht f\u00fcr die in \u00a71 des Art. 45 genannte Kontrolle oder f\u00fcr die Zollkontrolle ausgew\u00e4hlt wurden, werden von Siscomex Remessa automatisch freigegeben.<br \/>Einziger Absatz. Die \u00dcberlassung einer nicht zur zollamtlichen Pr\u00fcfung ausgew\u00e4hlten Sendung hindert die Zollbeh\u00f6rde nicht daran, deren Zur\u00fcckhaltung zur Pr\u00fcfung anzuordnen, wenn sie Kenntnis von einer Tatsache oder einem Anhaltspunkt f\u00fcr eine Unregelm\u00e4\u00dfigkeit erh\u00e4lt, deren Nachweis eine Kontrolle des Inhalts der Sendung erfordert.<br \/>Art. 47: Die von der RFB zur Zollkontrolle ausgew\u00e4hlte Sendung wird einer Dokumentenpr\u00fcfung unterzogen und kann auch einer invasiven oder nicht-invasiven Warenkontrolle unterzogen werden.<br \/>Art. 48: Die Dokumentenpr\u00fcfung besteht aus der Analyse der f\u00fcr die Zustellung verf\u00fcgbaren Dokumente und dem Vergleich ihrer Angaben mit den im jeweiligen DIR gespeicherten Informationen.<br \/>Einziger Absatz. Die im Caput beschriebene T\u00e4tigkeit umfasst die Analyse des in Artikel 25 genannten Zollwerts.<br \/>Art. 49: Die physische \u00dcberpr\u00fcfung wird von einem brasilianischen Steuerpr\u00fcfer oder unter dessen Aufsicht von einem brasilianischen Steueranalytiker in Anwesenheit eines Vertreters von ECT oder des Kurierunternehmens gem\u00e4\u00df den geltenden Rechtsvorschriften durchgef\u00fchrt.<br \/>\u00a7 Absatz 1 Die zur Kontrolle des Inhalts ge\u00f6ffnete Sendung muss, wenn m\u00f6glich, in ihrer Originalverpackung wiederhergestellt und mit einem Klebeband verschlossen werden, das angibt, dass sie von der RFB ge\u00f6ffnet wurde.<br \/>\u00a7 Absatz 2 Im Falle der Einsichtnahme durch andere Organe oder Einrichtungen der f\u00f6deralen \u00f6ffentlichen Verwaltung sind die zu diesem Zweck ge\u00f6ffneten B\u00e4nde mit einem Band zu versiegeln, aus dem hervorgeht, dass sie von dem entsprechenden Organ oder der entsprechenden Einrichtung ge\u00f6ffnet wurden.<\/p><p><h3>STEUERLICHE ANFORDERUNGEN<\/h3><\/p><p>Art. 50: Wenn bei der Zollkontrolle der Sendung irgendwelche Vorkommnisse festgestellt werden, die den Fortgang der Zollabfertigung verhindern, wird die Abfertigung in Siscomex Remessa automatisch unterbrochen, nachdem die entsprechende Anforderung im jeweiligen DIR registriert wurde.<br \/>\u00a7 Absatz 1 Das Kurierunternehmen oder ECT muss dem Empf\u00e4nger die Anforderung auf elektronischem Wege oder auf andere wirksame Weise mitteilen.<br \/>\u00a7 Absatz 2 Die Anforderungen m\u00fcssen innerhalb von 30 (drei\u00dfig) Tagen ab dem Datum ihrer Registrierung in Siscomex Remessa erf\u00fcllt werden.<br \/>\u00a7 Absatz 3 Die Dokumente und Erkl\u00e4rungen des Empf\u00e4ngers, die sich auf die Anforderung beziehen, m\u00fcssen dem Kurierunternehmen oder ECT in der vom Kundendienst der Unternehmen vorgesehenen Weise zur Vorlage bei der Aufsichtsbeh\u00f6rde \u00fcbergeben werden.<br \/>Art. 51 - Wenn die in Art. 50 genannte Forderung aus einer Nicht\u00fcbereinstimmung mit dem im DIR mitgeteilten Betrag der Steuergutschrift resultiert, kann der Empf\u00e4nger der internationalen Sendung einen Antrag auf \u00c4nderung der Erkl\u00e4rung unter Verwendung des von ECT oder dem Kurierunternehmen bereitgestellten Formulars stellen.<br \/>\u00a7 Absatz 1 Als Wert der im DIR mitgeteilten Steuergutschrift gilt der von Siscomex Remessa gem\u00e4\u00df dem einzigen Absatz von Artikel 36 berechnete Wert und gegebenenfalls die Summe dieses Wertes zuz\u00fcglich des Wertes, der sich aus der Zollkonferenz ergibt.<br \/>\u00a7 Absatz 2 Das Ersuchen, auf das im Caput:<br \/>I - Sie muss der Zollbeh\u00f6rde \u00fcber ECT oder das Kurierunternehmen vorgelegt werden:<br \/>a) die Dauer der Verwahrung der internationalen Sendung; und<br \/>b) bevor die Steuergutschrift vom Empf\u00e4nger gezahlt oder vom Kurierunternehmen oder ECT eingezogen wird.<br \/>II - Der Antrag muss die tats\u00e4chlichen und rechtlichen Gr\u00fcnde f\u00fcr die Behauptung enthalten und von einer Kopie der Dokumente begleitet sein, die die Behauptung beweisen;<br \/>III - die Gewahrsamsdauer zu unterbrechen; und<br \/>IV - Sie kann f\u00fcr jede Sendung nur einmal eingereicht werden.<br \/>\u00a7 Absatz 3 Die Entscheidung der Zollbeh\u00f6rde \u00fcber den Antrag wird in einer einzigen Instanz getroffen und dem Empf\u00e4nger \u00fcber ECT oder das Kurierunternehmen mitgeteilt.<br \/>\u00a7 Absatz 4 Mit dem Datum der in Absatz 3 genannten Entscheidung beginnt die neue Z\u00e4hlung der Verwahrungszeit.<br \/>\u00a7 Absatz 5 - Wenn der Empf\u00e4nger der in Absatz 3 genannten Entscheidung nicht zustimmt, muss der Steuerpr\u00fcfer der brasilianischen Finanzbeh\u00f6rde den Betrag des strittigen Teils der Steuergutschrift gem\u00e4\u00df dem Dekret 70235 vom 6. M\u00e4rz 1972 festsetzen.<br \/>\u00a7 Absatz 6 - In dem in Absatz 5 vorgesehenen Fall kann die internationale Sendung ab Beginn der Prozessphase durch eine Barkaution, eine f\u00f6derale \u00f6ffentliche Schuldverschreibung oder eine Bankgarantie in H\u00f6he des strittigen Teils der Steuergutschrift abgeliefert werden, sofern die anderen in der MF-Verordnung 389 vom 13. Oktober 1976 festgelegten Voraussetzungen erf\u00fcllt sind und die Zahlung des unstrittigen Teils der Steuergutschrift erfolgt<\/p><p><h3>VEREINFACHTE STEUERREGELUNG - RTS<\/h3><\/p><p>Art. 21 Die vereinfachte Steuerregelung (RTS), die durch die Gesetzesverordnung Nr. 1.804 vom 3. September 1980 eingef\u00fchrt wurde, erm\u00f6glicht die Zahlung der Einfuhrsteuer auf die Einfuhr von Waren, die in einer internationalen Sendung enthalten sind, mit einem Gesamtwert von bis zu US$ 3.000,00 (dreitausend US-Dollar) oder dem Gegenwert in einer anderen W\u00e4hrung, unter Anwendung des einheitlichen Satzes von 60% (sechzig Prozent).<br \/>\u00a7 Absatz 1 Die in der \u00dcberschrift genannte Besteuerung erfolgt auf der Grundlage des Zollwerts aller in der internationalen Sendung enthaltenen Waren.<br \/>\u00a7 Absatz 2 - Der im Caput genannte Satz wird auf 0% (null Prozent) f\u00fcr Fertigprodukte der Arzneimittelklassen im Wert von bis zu US$ 10.000,00 (zehntausend US-Dollar) oder dem Gegenwert in einer anderen W\u00e4hrung gesenkt, die von Privatpersonen f\u00fcr ihren eigenen oder individuellen Gebrauch per Post oder als internationales Luftpostpaket eingef\u00fchrt werden, sofern alle von den Verwaltungskontrollorganen festgelegten Anforderungen erf\u00fcllt sind.<br \/>\u00a7 3 Der im Caput genannte Steuersatz wird bis zum 30. September 2020 auf 0% (Null Prozent) f\u00fcr die Einfuhr von Waren der Codes der Gemeinsamen Nomenklatur des Mercosur (NCM), die im Einheitlichen Anhang der MF-Verordnung Nr. 156 vom 24. Juni 1999 aufgef\u00fchrt sind, gesenkt, die Teil von internationalen Postsendungen oder Luftpostpaketen im Wert von bis zu US$ 10.000,00 (zehntausend US-Dollar) oder den Gegenwert in einer anderen W\u00e4hrung, die f\u00fcr eine nat\u00fcrliche oder juristische Person bestimmt sind (aufgenommen durch die normative Anweisung Nr. 1940 des RFB vom 20. April 2020)<br \/>Art. 22 - Die Option f\u00fcr das RTS wird als automatisch f\u00fcr internationale Verbringungen betrachtet, die die f\u00fcr die Inanspruchnahme der Regelung festgelegten Anforderungen erf\u00fcllen.<br \/>\u00a7 Absatz 1 Der Empf\u00e4nger kann dem Kurierunternehmen oder ECT bis zum Zeitpunkt der Aufgabe der Sendung im Ausland seine Absicht mitteilen, das RTS nicht zu benutzen, und zwar durch eine Mitteilung in der vom Kundendienst des jeweiligen Unternehmens bereitgestellten Form.<br \/>\u00a7 Absatz 2 Das Kurierunternehmen und ECT k\u00f6nnen Ausdr\u00fccke nach der in Absatz 1 genannten Frist annehmen, sofern sie gen\u00fcgend Zeit haben, die entsprechende Einfuhrzollanmeldung zu registrieren.<br \/>Art. 23: Die folgenden Waren d\u00fcrfen nicht im Rahmen des RTS eingef\u00fchrt werden:<br \/>I - Alkoholische Getr\u00e4nke; und<br \/>II - Waren, auf die in Kapitel 24 der Gemeinsamen Nomenklatur des Mercosur Bezug genommen wird - NCM (Tabak und Tabakwaren).<br \/>Art. 24: Waren, die im Rahmen des RTS zur Zollabfertigung angemeldet werden, sind von der Zollpflicht befreit:<br \/>I - Steuer auf industrialisierte Produkte (IPI);<br \/>II - Beitrag zu den Programmen zur sozialen Integration und zur Bildung von Eigenkapital im \u00f6ffentlichen Dienst, der auf die Einfuhr ausl\u00e4ndischer Produkte oder Dienstleistungen erhoben wird (Beitrag zu PIS\/Pasep-Import); und<br \/>III - Sozialbeitrag zur Finanzierung der sozialen Sicherheit, der von Importeuren ausl\u00e4ndischer Waren oder Dienstleistungen geschuldet wird (Cofins-Import).<br \/><\/p>\t\t\t\t\t\t\t\t<\/div>\n\t\t\t\t\t<\/div>\n\t\t\t\t<\/div>\n\t\t\t\t<\/div>","protected":false},"excerpt":{"rendered":"<p>Informa\u00e7\u00f5es embarques internacionais remessas expressas ORIENTA\u00c7\u00d5ES GERAIS PARA EMBARQUES INTERNACIONAIS Observando a legisla\u00e7\u00e3o vigente de transporte expresso, recomendamos a leitura das especifica\u00e7\u00f5es abaixo para envio e recebimento de remessas expressas:A Master Freight Transportes Intl Ltda, sediada no Brasil, prestadora de servi\u00e7os de transporte internacional porta a porta por via a\u00e9rea de remessas expressas, nos Aeroportos [&#8230;]\n","protected":false},"author":2,"featured_media":0,"parent":0,"menu_order":0,"comment_status":"closed","ping_status":"closed","template":"","meta":{"footnotes":""},"class_list":["post-1087","page","type-page","status-publish","hentry"],"yoast_head":"<!-- This site is optimized with the Yoast SEO plugin v27.3 - https:\/\/yoast.com\/product\/yoast-seo-wordpress\/ -->\n<title>Courier - Master Freight<\/title>\n<meta name=\"robots\" content=\"index, follow, max-snippet:-1, max-image-preview:large, max-video-preview:-1\" \/>\n<link rel=\"canonical\" href=\"https:\/\/masterfreight.com\/de\/courier\/\" \/>\n<meta property=\"og:locale\" content=\"de_DE\" \/>\n<meta property=\"og:type\" content=\"article\" \/>\n<meta property=\"og:title\" content=\"Courier - Master Freight\" \/>\n<meta property=\"og:description\" content=\"Informa\u00e7\u00f5es embarques internacionais remessas expressas ORIENTA\u00c7\u00d5ES GERAIS PARA EMBARQUES INTERNACIONAIS Observando a legisla\u00e7\u00e3o vigente de transporte expresso, recomendamos a leitura das especifica\u00e7\u00f5es abaixo para envio e recebimento de remessas expressas:A Master Freight Transportes Intl Ltda, sediada no Brasil, prestadora de servi\u00e7os de transporte internacional porta a porta por via a\u00e9rea de remessas expressas, nos Aeroportos [...]\" \/>\n<meta property=\"og:url\" content=\"https:\/\/masterfreight.com\/de\/courier\/\" \/>\n<meta property=\"og:site_name\" content=\"Master Freight\" \/>\n<meta property=\"article:publisher\" content=\"https:\/\/www.facebook.com\/Master-Freight-America-Corp-296326137055392\/\" \/>\n<meta property=\"article:modified_time\" content=\"2025-08-11T21:37:28+00:00\" \/>\n<meta name=\"twitter:card\" content=\"summary_large_image\" \/>\n<meta name=\"twitter:label1\" content=\"Gesch\u00e4tzte Lesezeit\" \/>\n\t<meta name=\"twitter:data1\" content=\"12\u00a0Minuten\" \/>\n<script type=\"application\/ld+json\" class=\"yoast-schema-graph\">{\"@context\":\"https:\\\/\\\/schema.org\",\"@graph\":[{\"@type\":\"WebPage\",\"@id\":\"https:\\\/\\\/masterfreight.com\\\/courier\\\/\",\"url\":\"https:\\\/\\\/masterfreight.com\\\/courier\\\/\",\"name\":\"Courier - Master Freight\",\"isPartOf\":{\"@id\":\"https:\\\/\\\/masterfreight.com\\\/#website\"},\"datePublished\":\"2025-08-10T12:10:14+00:00\",\"dateModified\":\"2025-08-11T21:37:28+00:00\",\"breadcrumb\":{\"@id\":\"https:\\\/\\\/masterfreight.com\\\/courier\\\/#breadcrumb\"},\"inLanguage\":\"de\",\"potentialAction\":[{\"@type\":\"ReadAction\",\"target\":[\"https:\\\/\\\/masterfreight.com\\\/courier\\\/\"]}]},{\"@type\":\"BreadcrumbList\",\"@id\":\"https:\\\/\\\/masterfreight.com\\\/courier\\\/#breadcrumb\",\"itemListElement\":[{\"@type\":\"ListItem\",\"position\":1,\"name\":\"Home\",\"item\":\"https:\\\/\\\/masterfreight.com\\\/\"},{\"@type\":\"ListItem\",\"position\":2,\"name\":\"Courier\"}]},{\"@type\":\"WebSite\",\"@id\":\"https:\\\/\\\/masterfreight.com\\\/#website\",\"url\":\"https:\\\/\\\/masterfreight.com\\\/\",\"name\":\"Master Freight\",\"description\":\"Excel\u00eancia em Log\u00edstica\",\"publisher\":{\"@id\":\"https:\\\/\\\/masterfreight.com\\\/#organization\"},\"potentialAction\":[{\"@type\":\"SearchAction\",\"target\":{\"@type\":\"EntryPoint\",\"urlTemplate\":\"https:\\\/\\\/masterfreight.com\\\/?s={search_term_string}\"},\"query-input\":{\"@type\":\"PropertyValueSpecification\",\"valueRequired\":true,\"valueName\":\"search_term_string\"}}],\"inLanguage\":\"de\"},{\"@type\":\"Organization\",\"@id\":\"https:\\\/\\\/masterfreight.com\\\/#organization\",\"name\":\"Master Freight\",\"url\":\"https:\\\/\\\/masterfreight.com\\\/\",\"logo\":{\"@type\":\"ImageObject\",\"inLanguage\":\"de\",\"@id\":\"https:\\\/\\\/masterfreight.com\\\/#\\\/schema\\\/logo\\\/image\\\/\",\"url\":\"https:\\\/\\\/masterfreight.com\\\/wp-content\\\/uploads\\\/2020\\\/05\\\/favicon-1.png\",\"contentUrl\":\"https:\\\/\\\/masterfreight.com\\\/wp-content\\\/uploads\\\/2020\\\/05\\\/favicon-1.png\",\"width\":254,\"height\":210,\"caption\":\"Master Freight\"},\"image\":{\"@id\":\"https:\\\/\\\/masterfreight.com\\\/#\\\/schema\\\/logo\\\/image\\\/\"},\"sameAs\":[\"https:\\\/\\\/www.facebook.com\\\/Master-Freight-America-Corp-296326137055392\\\/\",\"https:\\\/\\\/www.linkedin.com\\\/company\\\/masterfreight-logistics\\\/?viewAsMember=true\"]}]}<\/script>\n<!-- \/ Yoast SEO plugin. -->","yoast_head_json":{"title":"Courier - Master Freight","robots":{"index":"index","follow":"follow","max-snippet":"max-snippet:-1","max-image-preview":"max-image-preview:large","max-video-preview":"max-video-preview:-1"},"canonical":"https:\/\/masterfreight.com\/de\/courier\/","og_locale":"de_DE","og_type":"article","og_title":"Courier - Master Freight","og_description":"Informa\u00e7\u00f5es embarques internacionais remessas expressas ORIENTA\u00c7\u00d5ES GERAIS PARA EMBARQUES INTERNACIONAIS Observando a legisla\u00e7\u00e3o vigente de transporte expresso, recomendamos a leitura das especifica\u00e7\u00f5es abaixo para envio e recebimento de remessas expressas:A Master Freight Transportes Intl Ltda, sediada no Brasil, prestadora de servi\u00e7os de transporte internacional porta a porta por via a\u00e9rea de remessas expressas, nos Aeroportos [...]","og_url":"https:\/\/masterfreight.com\/de\/courier\/","og_site_name":"Master Freight","article_publisher":"https:\/\/www.facebook.com\/Master-Freight-America-Corp-296326137055392\/","article_modified_time":"2025-08-11T21:37:28+00:00","twitter_card":"summary_large_image","twitter_misc":{"Gesch\u00e4tzte Lesezeit":"12\u00a0Minuten"},"schema":{"@context":"https:\/\/schema.org","@graph":[{"@type":"WebPage","@id":"https:\/\/masterfreight.com\/courier\/","url":"https:\/\/masterfreight.com\/courier\/","name":"Courier - Master Freight","isPartOf":{"@id":"https:\/\/masterfreight.com\/#website"},"datePublished":"2025-08-10T12:10:14+00:00","dateModified":"2025-08-11T21:37:28+00:00","breadcrumb":{"@id":"https:\/\/masterfreight.com\/courier\/#breadcrumb"},"inLanguage":"de","potentialAction":[{"@type":"ReadAction","target":["https:\/\/masterfreight.com\/courier\/"]}]},{"@type":"BreadcrumbList","@id":"https:\/\/masterfreight.com\/courier\/#breadcrumb","itemListElement":[{"@type":"ListItem","position":1,"name":"Home","item":"https:\/\/masterfreight.com\/"},{"@type":"ListItem","position":2,"name":"Courier"}]},{"@type":"WebSite","@id":"https:\/\/masterfreight.com\/#website","url":"https:\/\/masterfreight.com\/","name":"Hauptfracht","description":"Herausragende Leistungen in der Logistik","publisher":{"@id":"https:\/\/masterfreight.com\/#organization"},"potentialAction":[{"@type":"SearchAction","target":{"@type":"EntryPoint","urlTemplate":"https:\/\/masterfreight.com\/?s={search_term_string}"},"query-input":{"@type":"PropertyValueSpecification","valueRequired":true,"valueName":"search_term_string"}}],"inLanguage":"de"},{"@type":"Organization","@id":"https:\/\/masterfreight.com\/#organization","name":"Hauptfracht","url":"https:\/\/masterfreight.com\/","logo":{"@type":"ImageObject","inLanguage":"de","@id":"https:\/\/masterfreight.com\/#\/schema\/logo\/image\/","url":"https:\/\/masterfreight.com\/wp-content\/uploads\/2020\/05\/favicon-1.png","contentUrl":"https:\/\/masterfreight.com\/wp-content\/uploads\/2020\/05\/favicon-1.png","width":254,"height":210,"caption":"Master Freight"},"image":{"@id":"https:\/\/masterfreight.com\/#\/schema\/logo\/image\/"},"sameAs":["https:\/\/www.facebook.com\/Master-Freight-America-Corp-296326137055392\/","https:\/\/www.linkedin.com\/company\/masterfreight-logistics\/?viewAsMember=true"]}]}},"_links":{"self":[{"href":"https:\/\/masterfreight.com\/de\/wp-json\/wp\/v2\/pages\/1087","targetHints":{"allow":["GET"]}}],"collection":[{"href":"https:\/\/masterfreight.com\/de\/wp-json\/wp\/v2\/pages"}],"about":[{"href":"https:\/\/masterfreight.com\/de\/wp-json\/wp\/v2\/types\/page"}],"author":[{"embeddable":true,"href":"https:\/\/masterfreight.com\/de\/wp-json\/wp\/v2\/users\/2"}],"replies":[{"embeddable":true,"href":"https:\/\/masterfreight.com\/de\/wp-json\/wp\/v2\/comments?post=1087"}],"version-history":[{"count":5,"href":"https:\/\/masterfreight.com\/de\/wp-json\/wp\/v2\/pages\/1087\/revisions"}],"predecessor-version":[{"id":1143,"href":"https:\/\/masterfreight.com\/de\/wp-json\/wp\/v2\/pages\/1087\/revisions\/1143"}],"wp:attachment":[{"href":"https:\/\/masterfreight.com\/de\/wp-json\/wp\/v2\/media?parent=1087"}],"curies":[{"name":"wp","href":"https:\/\/api.w.org\/{rel}","templated":true}]}}